{"id":548,"date":"2021-12-28T17:04:08","date_gmt":"2021-12-28T17:04:08","guid":{"rendered":"https:\/\/resultservice.fi\/?page_id=548"},"modified":"2021-12-28T17:07:45","modified_gmt":"2021-12-28T17:07:45","slug":"uusi-paasivu","status":"publish","type":"page","link":"https:\/\/resultservice.fi\/","title":{"rendered":"Uusi p\u00e4\u00e4sivu"},"content":{"rendered":"<p>[et_pb_section fb_built=&#8221;1&#8243; fullwidth=&#8221;on&#8221; admin_label=&#8221;Page Header&#8221; _builder_version=&#8221;4.14.4&#8243; background_image=&#8221;https:\/\/resultservice.fi\/wp-content\/uploads\/2019\/08\/logo.jpg&#8221; background_size=&#8221;contain&#8221; global_colors_info=&#8221;{}&#8221;][et_pb_fullwidth_header title=&#8221;Tulospalvelu&#8221; text_orientation=&#8221;center&#8221; admin_label=&#8221;Hero Section&#8221; _builder_version=&#8221;4.14.4&#8243; title_font=&#8221;Montserrat|on|||&#8221; title_font_size=&#8221;60px&#8221; title_line_height=&#8221;1.4em&#8221; content_font_size=&#8221;22px&#8221; content_line_height=&#8221;1.8em&#8221; subhead_font=&#8221;||||&#8221; background_color=&#8221;rgba(255, 255, 255, 0)&#8221; use_background_color_gradient=&#8221;on&#8221; background_color_gradient_start=&#8221;rgba(58,52,226,0.93)&#8221; background_color_gradient_end=&#8221;rgba(73,108,220,0.7)&#8221; custom_button_one=&#8221;on&#8221; button_one_text_size=&#8221;16px&#8221; button_one_bg_color=&#8221;#6eba01&#8243; button_one_border_width=&#8221;2px&#8221; button_one_border_color=&#8221;#6eba01&#8243; button_one_border_radius=&#8221;0&#8243; button_one_letter_spacing=&#8221;2&#8243; button_one_font=&#8221;Montserrat|||on|&#8221; button_one_use_icon=&#8221;off&#8221; custom_button_two=&#8221;on&#8221; button_two_text_size=&#8221;16px&#8221; button_two_border_width=&#8221;2px&#8221; button_two_border_color=&#8221;#ffffff&#8221; button_two_border_radius=&#8221;0&#8243; button_two_letter_spacing=&#8221;2&#8243; button_two_font=&#8221;Montserrat|||on|&#8221; button_two_use_icon=&#8221;off&#8221; module_alignment=&#8221;left&#8221; custom_padding=&#8221;||0px|||&#8221; animation_style=&#8221;fade&#8221; button_one_text_color_hover=&#8221;#6eba01&#8243; button_two_text_color_hover=&#8221;#6eba01&#8243; button_one_border_color_hover=&#8221;#ffffff&#8221; button_two_border_color_hover=&#8221;#ffffff&#8221; button_one_border_radius_hover=&#8221;0&#8243; button_two_border_radius_hover=&#8221;0&#8243; button_one_letter_spacing_hover=&#8221;2&#8243; button_two_letter_spacing_hover=&#8221;2&#8243; button_one_bg_color_hover=&#8221;#ffffff&#8221; button_two_bg_color_hover=&#8221;#ffffff&#8221; global_colors_info=&#8221;{}&#8221; button_one_text_size__hover_enabled=&#8221;off&#8221; button_two_text_size__hover_enabled=&#8221;off&#8221; button_one_text_color__hover_enabled=&#8221;on&#8221; button_one_text_color__hover=&#8221;#6eba01&#8243; button_two_text_color__hover_enabled=&#8221;on&#8221; button_two_text_color__hover=&#8221;#6eba01&#8243; button_one_border_width__hover_enabled=&#8221;off&#8221; button_two_border_width__hover_enabled=&#8221;off&#8221; button_one_border_color__hover_enabled=&#8221;on&#8221; button_one_border_color__hover=&#8221;#ffffff&#8221; button_two_border_color__hover_enabled=&#8221;on&#8221; button_two_border_color__hover=&#8221;#ffffff&#8221; button_one_border_radius__hover_enabled=&#8221;on&#8221; button_one_border_radius__hover=&#8221;0&#8243; button_two_border_radius__hover_enabled=&#8221;on&#8221; button_two_border_radius__hover=&#8221;0&#8243; button_one_letter_spacing__hover_enabled=&#8221;on&#8221; button_one_letter_spacing__hover=&#8221;2&#8243; button_two_letter_spacing__hover_enabled=&#8221;on&#8221; button_two_letter_spacing__hover=&#8221;2&#8243; button_one_bg_color__hover_enabled=&#8221;on&#8221; button_one_bg_color__hover=&#8221;#ffffff&#8221; button_two_bg_color__hover_enabled=&#8221;on&#8221; button_two_bg_color__hover=&#8221;#ffffff&#8221;]<\/p>\n<p><strong>Tulospalvelu on yksi t\u00e4rkeimmist\u00e4 osista urheilutapahtuman j\u00e4rjest\u00e4misess\u00e4. Tuotamme tulospalvelua, joka palvelee j\u00e4rjest\u00e4j\u00e4\u00e4, urheilijaa sek\u00e4\u00a0 yleis\u00f6\u00e4.<\/strong><\/p>\n<p>[\/et_pb_fullwidth_header][\/et_pb_section][et_pb_section fb_built=&#8221;1&#8243; admin_label=&#8221;Projects&#8221; _builder_version=&#8221;3.22&#8243; min_height=&#8221;2516.8px&#8221; custom_padding=&#8221;30px||90px|||&#8221; global_colors_info=&#8221;{}&#8221;][et_pb_row _builder_version=&#8221;3.25&#8243; background_size=&#8221;initial&#8221; background_position=&#8221;top_left&#8221; background_repeat=&#8221;repeat&#8221; custom_padding=&#8221;45px|0px|45px|0px&#8221; custom_width_px=&#8221;710px&#8221; global_colors_info=&#8221;{}&#8221;][et_pb_column type=&#8221;4_4&#8243; _builder_version=&#8221;3.25&#8243; background_position=&#8221;top_left&#8221; custom_padding=&#8221;|||&#8221; global_colors_info=&#8221;{}&#8221; custom_padding__hover=&#8221;|||&#8221;][et_pb_text admin_label=&#8221;Projects Section Subtitle&#8221; _builder_version=&#8221;3.27.4&#8243; text_font_size=&#8221;16px&#8221; text_line_height=&#8221;1.9em&#8221; background_size=&#8221;initial&#8221; background_position=&#8221;top_left&#8221; background_repeat=&#8221;repeat&#8221; text_orientation=&#8221;center&#8221; max_width=&#8221;710px&#8221; module_alignment=&#8221;center&#8221; animation_style=&#8221;fold&#8221; animation_direction=&#8221;bottom&#8221; animation_intensity_fold=&#8221;20%&#8221; global_colors_info=&#8221;{}&#8221;]<\/p>\n<h4><span>RFID tekniikka kehittyy jatkuvasti, kehit\u00e4mme uusia ratkaisuja edullisen ja luotettavan tunnistamisen varmistamiseen. Nyt k\u00e4yt\u00f6ss\u00e4 uusin tunniste:<\/span><\/h4>\n<h4><strong>\u00a0(<span>Dog Bone WhiteWet\u00a0M750<\/span>)<\/strong><\/h4>\n<p>[\/et_pb_text][\/et_pb_column][\/et_pb_row][et_pb_row column_structure=&#8221;1_2,1_2&#8243; _builder_version=&#8221;3.25&#8243; background_size=&#8221;initial&#8221; background_position=&#8221;top_left&#8221; background_repeat=&#8221;repeat&#8221; custom_padding=&#8221;45px|||&#8221; locked=&#8221;off&#8221; global_colors_info=&#8221;{}&#8221;][et_pb_column type=&#8221;1_2&#8243; _builder_version=&#8221;3.25&#8243; custom_padding=&#8221;|||&#8221; global_colors_info=&#8221;{}&#8221; custom_padding__hover=&#8221;|||&#8221;][et_pb_blurb title=&#8221;Juoksu&#8221; url=&#8221;#&#8221; image=&#8221;https:\/\/resultservice.fi\/wp-content\/uploads\/2021\/12\/Levi_lahtoa_odotellessa-scaled.jpg&#8221; admin_label=&#8221;Project&#8221; _builder_version=&#8221;4.14.4&#8243; header_font=&#8221;Montserrat||||&#8221; header_font_size=&#8221;24px&#8221; header_line_height=&#8221;1.3em&#8221; body_font_size=&#8221;16px&#8221; body_line_height=&#8221;1.8em&#8221; background_size=&#8221;initial&#8221; background_position=&#8221;top_left&#8221; background_repeat=&#8221;repeat&#8221; animation_style=&#8221;fold&#8221; animation_direction=&#8221;bottom&#8221; animation_intensity_fold=&#8221;10%&#8221; use_circle=&#8221;off&#8221; use_circle_border=&#8221;off&#8221; global_colors_info=&#8221;{}&#8221;]<\/p>\n<p><span>H\u00f6lkk\u00e4, maastojuoksu, maraton,\u00a0 SM-maastot yms. Passiivisilla RFID-tunnisteilla luotettavasti ja varmasti.\u00a0<\/span><\/p>\n<p>[\/et_pb_blurb][\/et_pb_column][et_pb_column type=&#8221;1_2&#8243; _builder_version=&#8221;3.25&#8243; custom_padding=&#8221;|||&#8221; global_colors_info=&#8221;{}&#8221; custom_padding__hover=&#8221;|||&#8221;][et_pb_blurb title=&#8221;Py\u00f6r\u00e4ily&#8221; url=&#8221;#&#8221; image=&#8221;https:\/\/resultservice.fi\/wp-content\/uploads\/2021\/12\/Maantie_startti-scaled.jpg&#8221; admin_label=&#8221;Project&#8221; _builder_version=&#8221;4.14.4&#8243; header_font=&#8221;Montserrat||||&#8221; header_font_size=&#8221;24px&#8221; header_line_height=&#8221;1.3em&#8221; body_font_size=&#8221;16px&#8221; body_line_height=&#8221;1.8em&#8221; background_size=&#8221;initial&#8221; background_position=&#8221;top_left&#8221; background_repeat=&#8221;repeat&#8221; animation_style=&#8221;fold&#8221; animation_direction=&#8221;bottom&#8221; animation_delay=&#8221;100ms&#8221; animation_intensity_fold=&#8221;10%&#8221; locked=&#8221;off&#8221; global_colors_info=&#8221;{}&#8221;]<\/p>\n<p>Maastopy\u00f6r\u00e4ilyn ajanotto numeroon kiinnitett\u00e4v\u00e4ll\u00e4 RFID sirulla onnistuu helposti.<\/p>\n<p>My\u00f6s maantiepy\u00f6r\u00e4ilyss\u00e4 voidaan ajanotto hoitaa RFID-tunnisteilla. Maalikamera on yleens\u00e4 tarpeellinen.<\/p>\n<p>[\/et_pb_blurb][\/et_pb_column][\/et_pb_row][et_pb_row column_structure=&#8221;1_2,1_2&#8243; _builder_version=&#8221;3.25&#8243; background_size=&#8221;initial&#8221; background_position=&#8221;top_left&#8221; background_repeat=&#8221;repeat&#8221; custom_padding=&#8221;45px|||&#8221; locked=&#8221;off&#8221; global_colors_info=&#8221;{}&#8221;][et_pb_column type=&#8221;1_2&#8243; _builder_version=&#8221;3.25&#8243; custom_padding=&#8221;|||&#8221; global_colors_info=&#8221;{}&#8221; custom_padding__hover=&#8221;|||&#8221;][et_pb_blurb title=&#8221;Hiihto&#8221; url=&#8221;#&#8221; image=&#8221;https:\/\/resultservice.fi\/wp-content\/uploads\/2021\/12\/Valiaika-scaled.jpg&#8221; admin_label=&#8221;Project&#8221; _builder_version=&#8221;4.14.4&#8243; header_font=&#8221;Montserrat||||&#8221; header_font_size=&#8221;24px&#8221; header_line_height=&#8221;1.3em&#8221; body_font_size=&#8221;16px&#8221; body_line_height=&#8221;1.8em&#8221; background_size=&#8221;initial&#8221; background_position=&#8221;top_left&#8221; background_repeat=&#8221;repeat&#8221; animation_style=&#8221;fold&#8221; animation_direction=&#8221;bottom&#8221; animation_intensity_fold=&#8221;10%&#8221; global_colors_info=&#8221;{}&#8221;]<\/p>\n<p><span>RFID toimii hienosti my\u00f6s talvilajeissa . Kuvassa Savonia hiihdon v\u00e4liaikapiste.\u00a0 L\u00e4ht\u00f6porttilla ja valokennolla hoidetaan kisat joissa kymmenykset ratkaisevat.<\/span><\/p>\n<p>[\/et_pb_blurb][\/et_pb_column][et_pb_column type=&#8221;1_2&#8243; _builder_version=&#8221;3.25&#8243; custom_padding=&#8221;|||&#8221; global_colors_info=&#8221;{}&#8221; custom_padding__hover=&#8221;|||&#8221;][et_pb_blurb title=&#8221;Palvelut&#8221; url=&#8221;#&#8221; image=&#8221;https:\/\/resultservice.fi\/wp-content\/uploads\/2019\/09\/Tulospalvelu_tila.jpg&#8221; admin_label=&#8221;Project&#8221; _builder_version=&#8221;4.14.4&#8243; header_font=&#8221;Montserrat||||&#8221; header_font_size=&#8221;24px&#8221; header_line_height=&#8221;1.3em&#8221; body_font_size=&#8221;16px&#8221; body_line_height=&#8221;1.8em&#8221; background_size=&#8221;initial&#8221; background_position=&#8221;top_left&#8221; background_repeat=&#8221;repeat&#8221; animation_style=&#8221;fold&#8221; animation_direction=&#8221;bottom&#8221; animation_delay=&#8221;100ms&#8221; animation_intensity_fold=&#8221;10%&#8221; locked=&#8221;off&#8221; global_colors_info=&#8221;{}&#8221;]<\/p>\n<p><span>Maaliaika, haluttu m\u00e4\u00e4r\u00e4 v\u00e4liaikoja, haluttaessa nettoaika. <\/span><span>Online palvelussa mm. mukana: Kunniakirja, Facebook- sek\u00e4 Twitter-integrointi. <\/span><span>Varmennamme aina tulokset videolaitteistolla. <\/span><span>Mahdollisuus streamata maaliintulo Youtube-livel\u00e4hetykseen tuloksien kera. <\/span><span><strong>Vastaamme aina tilaajan puolesta tulospalvelun j\u00e4lkeen tuleviin korjauspyynt\u00f6ihin.<\/strong><\/span><\/p>\n<p>[\/et_pb_blurb][\/et_pb_column][\/et_pb_row][et_pb_row column_structure=&#8221;1_2,1_2&#8243; _builder_version=&#8221;3.25&#8243; background_size=&#8221;initial&#8221; background_position=&#8221;top_left&#8221; background_repeat=&#8221;repeat&#8221; custom_padding=&#8221;45px|||&#8221; locked=&#8221;off&#8221; global_colors_info=&#8221;{}&#8221;][et_pb_column type=&#8221;1_2&#8243; _builder_version=&#8221;3.25&#8243; custom_padding=&#8221;|||&#8221; global_colors_info=&#8221;{}&#8221; custom_padding__hover=&#8221;|||&#8221;][et_pb_blurb title=&#8221;T\u00e4h\u00e4n jotakin lis\u00e4\u00e4&#8221; url=&#8221;#&#8221; image=&#8221;https:\/\/resultservice.fi\/wp-content\/uploads\/2019\/08\/P1010491.jpg&#8221; admin_label=&#8221;Project&#8221; _builder_version=&#8221;4.14.4&#8243; header_font=&#8221;Montserrat||||&#8221; header_font_size=&#8221;24px&#8221; header_line_height=&#8221;1.3em&#8221; body_font_size=&#8221;16px&#8221; body_line_height=&#8221;1.8em&#8221; background_size=&#8221;initial&#8221; background_position=&#8221;top_left&#8221; background_repeat=&#8221;repeat&#8221; animation_style=&#8221;fold&#8221; animation_direction=&#8221;bottom&#8221; animation_intensity_fold=&#8221;10%&#8221; global_colors_info=&#8221;{}&#8221;]<\/p>\n<p>Erilaiset tapahtumat:<\/p>\n<p>[\/et_pb_blurb][\/et_pb_column][et_pb_column type=&#8221;1_2&#8243; _builder_version=&#8221;3.25&#8243; custom_padding=&#8221;|||&#8221; global_colors_info=&#8221;{}&#8221; custom_padding__hover=&#8221;|||&#8221;][et_pb_blurb title=&#8221;T\u00e4h\u00e4nkin lis\u00e4\u00e4 infoa&#8221; url=&#8221;#&#8221; image=&#8221;https:\/\/resultservice.fi\/wp-content\/uploads\/2019\/11\/tag.png&#8221; admin_label=&#8221;Project&#8221; _builder_version=&#8221;4.14.4&#8243; header_font=&#8221;Montserrat||||&#8221; header_font_size=&#8221;24px&#8221; header_line_height=&#8221;1.3em&#8221; body_font_size=&#8221;16px&#8221; body_line_height=&#8221;1.8em&#8221; background_size=&#8221;initial&#8221; background_position=&#8221;top_left&#8221; background_repeat=&#8221;repeat&#8221; custom_padding=&#8221;||19px|||&#8221; animation_style=&#8221;fold&#8221; animation_direction=&#8221;bottom&#8221; animation_delay=&#8221;100ms&#8221; animation_intensity_fold=&#8221;10%&#8221; locked=&#8221;off&#8221; global_colors_info=&#8221;{}&#8221;]<\/p>\n<p>Tapahtumien j\u00e4rjestely\u00e4&#8230;..<\/p>\n<p>[\/et_pb_blurb][\/et_pb_column][\/et_pb_row][\/et_pb_section][et_pb_section fb_built=&#8221;1&#8243; _builder_version=&#8221;4.14.4&#8243; _module_preset=&#8221;default&#8221; global_colors_info=&#8221;{}&#8221;][\/et_pb_section]<\/p>\n","protected":false},"excerpt":{"rendered":"<p>Tulospalvelu on yksi t\u00e4rkeimmist\u00e4 osista urheilutapahtuman j\u00e4rjest\u00e4misess\u00e4. Tuotamme tulospalvelua, joka palvelee j\u00e4rjest\u00e4j\u00e4\u00e4, urheilijaa sek\u00e4\u00a0 yleis\u00f6\u00e4.RFID tekniikka kehittyy jatkuvasti, kehit\u00e4mme uusia ratkaisuja edullisen ja luotettavan tunnistamisen varmistamiseen. Nyt k\u00e4yt\u00f6ss\u00e4 uusin tunniste: \u00a0(Dog Bone WhiteWet\u00a0M750)H\u00f6lkk\u00e4, maastojuoksu, maraton,\u00a0 SM-maastot yms. Passiivisilla RFID-tunnisteilla luotettavasti ja varmasti.\u00a0Maastopy\u00f6r\u00e4ilyn ajanotto numeroon kiinnitett\u00e4v\u00e4ll\u00e4 RFID sirulla onnistuu helposti. My\u00f6s maantiepy\u00f6r\u00e4ilyss\u00e4 voidaan ajanotto hoitaa RFID-tunnisteilla. [&hellip;]<\/p>\n","protected":false},"author":1,"featured_media":0,"parent":0,"menu_order":0,"comment_status":"closed","ping_status":"closed","template":"","meta":{"_et_pb_use_builder":"on","_et_pb_old_content":"","_et_gb_content_width":"","footnotes":""},"class_list":["post-548","page","type-page","status-publish","hentry"],"_links":{"self":[{"href":"https:\/\/resultservice.fi\/index.php\/wp-json\/wp\/v2\/pages\/548","targetHints":{"allow":["GET"]}}],"collection":[{"href":"https:\/\/resultservice.fi\/index.php\/wp-json\/wp\/v2\/pages"}],"about":[{"href":"https:\/\/resultservice.fi\/index.php\/wp-json\/wp\/v2\/types\/page"}],"author":[{"embeddable":true,"href":"https:\/\/resultservice.fi\/index.php\/wp-json\/wp\/v2\/users\/1"}],"replies":[{"embeddable":true,"href":"https:\/\/resultservice.fi\/index.php\/wp-json\/wp\/v2\/comments?post=548"}],"version-history":[{"count":13,"href":"https:\/\/resultservice.fi\/index.php\/wp-json\/wp\/v2\/pages\/548\/revisions"}],"predecessor-version":[{"id":590,"href":"https:\/\/resultservice.fi\/index.php\/wp-json\/wp\/v2\/pages\/548\/revisions\/590"}],"wp:attachment":[{"href":"https:\/\/resultservice.fi\/index.php\/wp-json\/wp\/v2\/media?parent=548"}],"curies":[{"name":"wp","href":"https:\/\/api.w.org\/{rel}","templated":true}]}}