{"id":291,"date":"2019-11-18T18:41:26","date_gmt":"2019-11-18T18:41:26","guid":{"rendered":""},"modified":"2021-01-31T15:15:04","modified_gmt":"2021-01-31T15:15:04","slug":"2021-2","status":"publish","type":"page","link":"https:\/\/resultservice.fi\/index.php\/2021-2\/","title":{"rendered":"2021"},"content":{"rendered":"[et_pb_section admin_label=&#8221;section&#8221;]\n\t\t\t[et_pb_row admin_label=&#8221;row&#8221;]\n\t\t\t\t[et_pb_column type=&#8221;4_4&#8243;][et_pb_text admin_label=&#8221;Text&#8221;]\n\n<table id=\"tablepress-6\" class=\"tablepress tablepress-id-6\">\n<thead>\n<tr class=\"row-1\">\n\t<th class=\"column-1\">Aika<\/th><th class=\"column-2\">Tapahtuma<\/th><th class=\"column-3\">Tulokset<\/th><th class=\"column-4\">Kotisivu<\/th>\n<\/tr>\n<\/thead>\n<tbody class=\"row-striping row-hover\">\n<tr class=\"row-2\">\n\t<td class=\"column-1\">24.1.<\/td><td class=\"column-2\">S\u00f6derkullan parisprintti<\/td><td class=\"column-3\"><a href=\"https:\/\/resultservice.fi\/tulos\/sivusto\/2021\/soderkulla\/\" rel=\"noopener\" target=\"_blank\">Tulokset<\/a><\/td><td class=\"column-4\"><a href=\"https:\/\/sibbo-vargarna.fi\/fi\/soderkullan-parisprintti\/\" rel=\"noopener\" target=\"_blank\">Kotisivu<\/a><\/td>\n<\/tr>\n<tr class=\"row-3\">\n\t<td class=\"column-1\">31.1-1.2.??<\/td><td class=\"column-2\">24h hiihto Vierum\u00e4ki<\/td><td class=\"column-3\">Tulokset <\/td><td class=\"column-4\">Peruttu, korona<\/td>\n<\/tr>\n<tr class=\"row-4\">\n\t<td class=\"column-1\">13.2.<\/td><td class=\"column-2\">Savonia hiihto<\/td><td class=\"column-3\">Tulokset<\/td><td class=\"column-4\">Peruttu, korona<\/td>\n<\/tr>\n<tr class=\"row-5\">\n\t<td class=\"column-1\">7.3.<\/td><td class=\"column-2\">Pirkan Hiihto<\/td><td class=\"column-3\">Tulokset<\/td><td class=\"column-4\">Peruttu, korona<\/td>\n<\/tr>\n<tr class=\"row-6\">\n\t<td class=\"column-1\">??<\/td><td class=\"column-2\">24h hiihto Anjala<\/td><td class=\"column-3\">Tulokset<\/td><td class=\"column-4\">Peruttu, korona<\/td>\n<\/tr>\n<tr class=\"row-7\">\n\t<td class=\"column-1\">12.4-16.4<br \/>\n(4.4-8.4.2022)<\/td><td class=\"column-2\">Lapponia-hiihto (Hetta-Pallas-Olos)<\/td><td class=\"column-3\">Tulokset<\/td><td class=\"column-4\">Peruttu, korona<\/td>\n<\/tr>\n<tr class=\"row-8\">\n\t<td class=\"column-1\">25.4. Siirretty<br \/>\n10.10<br \/>\n<\/td><td class=\"column-2\">41. L\u00e4nsiv\u00e4yl\u00e4juoksu<\/td><td class=\"column-3\"><\/td><td class=\"column-4\"><\/td>\n<\/tr>\n<tr class=\"row-9\">\n\t<td class=\"column-1\">9.5.<\/td><td class=\"column-2\">SM-maastot joensuu<\/td><td class=\"column-3\"><a href=\"http:\/\/resultservice.fi\/tulos\/sivusto\/2021\/sm_maasto\/\" rel=\"noopener noreferrer\" target=\"_blank\">Tulokset<\/a><\/td><td class=\"column-4\"><a href=\"https:\/\/katajayu.fi\/sm-maastot\/\" rel=\"noopener\" target=\"_blank\">Kotisivu<\/a><\/td>\n<\/tr>\n<tr class=\"row-10\">\n\t<td class=\"column-1\">22.5. Siirretty<br \/>\n25.9<br \/>\n<\/td><td class=\"column-2\">33. Terwamaraton<\/td><td class=\"column-3\"><\/td><td class=\"column-4\"><a href=\"http:\/\/www.terwamaraton.fi\/\" rel=\"noopener noreferrer\" target=\"_blank\">Kotisivu<\/a><\/td>\n<\/tr>\n<tr class=\"row-11\">\n\t<td class=\"column-1\">3.7.<\/td><td class=\"column-2\">Mikkeli Juoksu<\/td><td class=\"column-3\"><a href=\"https:\/\/www.resultservice.fi\/2021\/mikkelijuoksu\/\" rel=\"noopener\" target=\"_blank\">Tulokset<\/a><\/td><td class=\"column-4\"><a href=\"https:\/\/www.mikkelinklassikot.fi\/mikkeli-juoksu\/\" rel=\"noopener noreferrer\" target=\"_blank\">Kotisivu<\/a><\/td>\n<\/tr>\n<tr class=\"row-12\">\n\t<td class=\"column-1\">4.7.<\/td><td class=\"column-2\">Pyynikkijuoksu<\/td><td class=\"column-3\"><a href=\"https:\/\/www.resultservice.fi\/2021\/pyynikki\/\" rel=\"noopener\" target=\"_blank\">Tulokset<\/a><\/td><td class=\"column-4\"><a href=\"https:\/\/tu-38.sporttisaitti.com\/pyynikki-juoksu\/\" rel=\"noopener\" target=\"_blank\">Kotisivu<\/a><\/td>\n<\/tr>\n<tr class=\"row-13\">\n\t<td class=\"column-1\">24.7.<\/td><td class=\"column-2\">12. Heinolan kaupunkipuistojuoksu<\/td><td class=\"column-3\"><a href=\"http:\/\/resultservice.fi\/tulos\/sivusto\/2021\/heinola\/\" rel=\"noopener noreferrer\" target=\"_blank\">Tulokset<\/a><\/td><td class=\"column-4\"><a href=\"https:\/\/heinolanisku.sporttisaitti.com\/heinolan-kaupunkipuistojuoksu\/\" rel=\"noopener noreferrer\" target=\"_blank\">Kotisivu<\/a><\/td>\n<\/tr>\n<tr class=\"row-14\">\n\t<td class=\"column-1\">31.7.<\/td><td class=\"column-2\">Loppi Trail<\/td><td class=\"column-3\"><a href=\"https:\/\/resultservice.fi\/tulos\/sivusto\/2021\/loppi\/\" rel=\"noopener\" target=\"_blank\">Tulokset<\/a><\/td><td class=\"column-4\"><a href=\"https:\/\/lopensamoojat.net\/loppi-extreme\/\" rel=\"noopener\" target=\"_blank\">Kotisivu<\/a><\/td>\n<\/tr>\n<tr class=\"row-15\">\n\t<td class=\"column-1\">14.8.<\/td><td class=\"column-2\">10. Luonteri py\u00f6r\u00e4ily<\/td><td class=\"column-3\"><a href=\"http:\/\/resultservice.fi\/tulos\/sivusto\/2021\/luonteri\/\" rel=\"noopener noreferrer\" target=\"_blank\">Tulokset<\/a><\/td><td class=\"column-4\"><a href=\"https:\/\/www.mikkelinklassikot.fi\/luonteri-pyoraily\/\" rel=\"noopener noreferrer\" target=\"_blank\">Kotisivu<\/a><\/td>\n<\/tr>\n<tr class=\"row-16\">\n\t<td class=\"column-1\">21.8<\/td><td class=\"column-2\">Himos Trail<\/td><td class=\"column-3\"><a href=\"https:\/\/online4.tulospalvelu.fi\/tulokset-new\/fi\/2021_himos\/\" rel=\"noopener\" target=\"_blank\">Tulokset<\/a><\/td><td class=\"column-4\"><a href=\"https:\/\/www.himostrail.fi\/\" rel=\"noopener\" target=\"_blank\">Kotisivu<\/a><\/td>\n<\/tr>\n<tr class=\"row-17\">\n\t<td class=\"column-1\">22.8<\/td><td class=\"column-2\">Duathlon ViestiPajulahti<\/td><td class=\"column-3\"><a href=\"https:\/\/online4.tulospalvelu.fi\/tulokset-new\/fi\/2021_VBD_viesti\/\" rel=\"noopener\" target=\"_blank\">Tulokset<\/a><\/td><td class=\"column-4\"><a href=\"https:\/\/www.valtteribottasduathlon.com\/\" rel=\"noopener\" target=\"_blank\">Kotisivu<\/a><\/td>\n<\/tr>\n<tr class=\"row-18\">\n\t<td class=\"column-1\">22.8.<\/td><td class=\"column-2\">Duathlon Pajulahti<\/td><td class=\"column-3\"><a href=\"https:\/\/online4.tulospalvelu.fi\/tulokset-new\/fi\/2021_VBD\/\" rel=\"noopener\" target=\"_blank\">Tulokset<\/a><\/td><td class=\"column-4\"><a href=\"https:\/\/www.valtteribottasduathlon.com\/\" rel=\"noopener noreferrer\" target=\"_blank\">Kotsivu<\/a><\/td>\n<\/tr>\n<tr class=\"row-19\">\n\t<td class=\"column-1\">27.8<\/td><td class=\"column-2\">Ampumajuoksun SM Viesti<\/td><td class=\"column-3\"><a href=\"https:\/\/resultservice.fi\/tulos\/sivusto\/2021\/ajsmviesti\" rel=\"noopener\" target=\"_blank\">Tulokset<\/a><\/td><td class=\"column-4\"><a href=\"https:\/\/www.tvv.fi\/ampumahiihto\/kilpailut\/ampumajuoksun-sm-2021\/\" rel=\"noopener\" target=\"_blank\">Kotisivu<\/a><\/td>\n<\/tr>\n<tr class=\"row-20\">\n\t<td class=\"column-1\">28.8<\/td><td class=\"column-2\">Ampumajuoksun SM Pika<\/td><td class=\"column-3\"><a href=\"https:\/\/resultservice.fi\/tulos\/sivusto\/2021\/ajsmpika\" rel=\"noopener\" target=\"_blank\">Tulokset<\/a><\/td><td class=\"column-4\"><a href=\"https:\/\/www.tvv.fi\/ampumahiihto\/kilpailut\/ampumajuoksun-sm-2021\/\" rel=\"noopener\" target=\"_blank\">Kotisivu<\/a><\/td>\n<\/tr>\n<tr class=\"row-21\">\n\t<td class=\"column-1\">29.8<\/td><td class=\"column-2\">Ampumajuoksun SM Normaali<\/td><td class=\"column-3\"><a href=\"https:\/\/resultservice.fi\/tulos\/sivusto\/2021\/ajsmnormi\" rel=\"noopener\" target=\"_blank\">Tulokset<\/a><\/td><td class=\"column-4\"><a href=\"https:\/\/www.tvv.fi\/ampumahiihto\/kilpailut\/ampumajuoksun-sm-2021\/\" rel=\"noopener\" target=\"_blank\">Kotisivu<\/a><\/td>\n<\/tr>\n<tr class=\"row-22\">\n\t<td class=\"column-1\">11.9<\/td><td class=\"column-2\">Talkoostartti, Hyvink\u00e4\u00e4<\/td><td class=\"column-3\"><a href=\"http:\/\/resultservice.fi\/2021\/talkoot\/\" rel=\"noopener noreferrer\" target=\"_blank\">Tulokset<\/a><\/td><td class=\"column-4\"><a href=\"https:\/\/www.voimatahtosydan.fi\/talkoostartti\/\" rel=\"noopener\" target=\"_blank\">Kotisivu<\/a><\/td>\n<\/tr>\n<tr class=\"row-23\">\n\t<td class=\"column-1\">12.9.<\/td><td class=\"column-2\">Lassen H\u00f6lkk\u00e4<\/td><td class=\"column-3\"><a href=\"http:\/\/resultservice.fi\/2021\/lassen\/\" rel=\"noopener noreferrer\" target=\"_blank\">Tulokset<\/a><\/td><td class=\"column-4\"><a href=\"http:\/\/www.myrskylanmyrsky.fi\/uncategorized\/lassen-holkka-2020\/\" rel=\"noopener noreferrer\" target=\"_blank\">Kotisivu<\/a><\/td>\n<\/tr>\n<tr class=\"row-24\">\n\t<td class=\"column-1\">25.9.<\/td><td class=\"column-2\">33. Terwamaraton<\/td><td class=\"column-3\"><a href=\"http:\/\/www.resultservice.fi\/2021\/oulu\/\" rel=\"noopener noreferrer\" target=\"_blank\">Tulokset<\/a><\/td><td class=\"column-4\"><a href=\"http:\/\/www.terwamaraton.fi\/\" rel=\"noopener noreferrer\" target=\"_blank\">Kotisivu<\/a><\/td>\n<\/tr>\n<tr class=\"row-25\">\n\t<td class=\"column-1\"><\/td><td class=\"column-2\"><\/td><td class=\"column-3\"><\/td><td class=\"column-4\"><\/td>\n<\/tr>\n<tr class=\"row-26\">\n\t<td class=\"column-1\">2.10.<br \/>\nSiirretty 1.10.2022<\/td><td class=\"column-2\">It\u00e4meri maraton, Hanko<\/td><td class=\"column-3\"><\/td><td class=\"column-4\"><a href=\"http:\/\/itamerimaraton.com\/fi\/etusivu\" rel=\"noopener noreferrer\" target=\"_blank\">Kotisivu<\/a><\/td>\n<\/tr>\n<tr class=\"row-27\">\n\t<td class=\"column-1\">9.10.<\/td><td class=\"column-2\">Vantaan maraton<\/td><td class=\"column-3\"><a href=\"http:\/\/resultservice.fi\/2021\/vantaa\/\" rel=\"noopener noreferrer\" target=\"_blank\">Tulokset<\/a><\/td><td class=\"column-4\"><a href=\"http:\/\/www.vantaanmaraton.fi\/\" rel=\"noopener noreferrer\" target=\"_blank\">Kotisivu<\/a><\/td>\n<\/tr>\n<tr class=\"row-28\">\n\t<td class=\"column-1\">10.10 Siirretty huhtikuu 2022<\/td><td class=\"column-2\">L\u00e4nsiv\u00e4yl\u00e4juoksu<\/td><td class=\"column-3\"><\/td><td class=\"column-4\"><a href=\"https:\/\/www.lansivaylajuoksu.fi\/\" rel=\"noopener noreferrer\" target=\"_blank\">Kotisivu<\/a><\/td>\n<\/tr>\n<tr class=\"row-29\">\n\t<td class=\"column-1\">24.10<\/td><td class=\"column-2\">Helsinki Spring Marathon<\/td><td class=\"column-3\"><a href=\"http:\/\/resultservice.fi\/2021\/spring\/\" rel=\"noopener noreferrer\" target=\"_blank\">Tulokset<\/a><\/td><td class=\"column-4\"><a href=\"https:\/\/www.helsinkispringmarathon.net\/etusivu\" rel=\"noopener\" target=\"_blank\">Kotisivu<\/a><\/td>\n<\/tr>\n<tr class=\"row-30\">\n\t<td class=\"column-1\"><\/td><td class=\"column-2\"><\/td><td class=\"column-3\"><\/td><td class=\"column-4\"><\/td>\n<\/tr>\n<tr class=\"row-31\">\n\t<td class=\"column-1\"><\/td><td class=\"column-2\"><\/td><td class=\"column-3\"><\/td><td class=\"column-4\"><\/td>\n<\/tr>\n<tr class=\"row-32\">\n\t<td class=\"column-1\"><\/td><td class=\"column-2\"><\/td><td class=\"column-3\"><\/td><td class=\"column-4\"><\/td>\n<\/tr>\n<\/tbody>\n<\/table>\n\n[\/et_pb_text][\/et_pb_column]\n\t\t\t[\/et_pb_row]\n\t\t[\/et_pb_section]","protected":false},"excerpt":{"rendered":"\n<table id=\"tablepress-6-no-2\" class=\"tablepress tablepress-id-6\">\n<thead>\n<tr class=\"row-1\">\n\t<th class=\"column-1\">Aika<\/th><th class=\"column-2\">Tapahtuma<\/th><th class=\"column-3\">Tulokset<\/th><th class=\"column-4\">Kotisivu<\/th>\n<\/tr>\n<\/thead>\n<tbody class=\"row-striping row-hover\">\n<tr class=\"row-2\">\n\t<td class=\"column-1\">24.1.<\/td><td class=\"column-2\">S\u00f6derkullan parisprintti<\/td><td class=\"column-3\"><a href=\"https:\/\/resultservice.fi\/tulos\/sivusto\/2021\/soderkulla\/\" rel=\"noopener\" target=\"_blank\">Tulokset<\/a><\/td><td class=\"column-4\"><a href=\"https:\/\/sibbo-vargarna.fi\/fi\/soderkullan-parisprintti\/\" rel=\"noopener\" target=\"_blank\">Kotisivu<\/a><\/td>\n<\/tr>\n<tr class=\"row-3\">\n\t<td class=\"column-1\">31.1-1.2.??<\/td><td class=\"column-2\">24h hiihto Vierum\u00e4ki<\/td><td class=\"column-3\">Tulokset <\/td><td class=\"column-4\">Peruttu, korona<\/td>\n<\/tr>\n<tr class=\"row-4\">\n\t<td class=\"column-1\">13.2.<\/td><td class=\"column-2\">Savonia hiihto<\/td><td class=\"column-3\">Tulokset<\/td><td class=\"column-4\">Peruttu, korona<\/td>\n<\/tr>\n<tr class=\"row-5\">\n\t<td class=\"column-1\">7.3.<\/td><td class=\"column-2\">Pirkan Hiihto<\/td><td class=\"column-3\">Tulokset<\/td><td class=\"column-4\">Peruttu, korona<\/td>\n<\/tr>\n<tr class=\"row-6\">\n\t<td class=\"column-1\">??<\/td><td class=\"column-2\">24h hiihto Anjala<\/td><td class=\"column-3\">Tulokset<\/td><td class=\"column-4\">Peruttu, korona<\/td>\n<\/tr>\n<tr class=\"row-7\">\n\t<td class=\"column-1\">12.4-16.4<br \/>\n(4.4-8.4.2022)<\/td><td class=\"column-2\">Lapponia-hiihto (Hetta-Pallas-Olos)<\/td><td class=\"column-3\">Tulokset<\/td><td class=\"column-4\">Peruttu, korona<\/td>\n<\/tr>\n<tr class=\"row-8\">\n\t<td class=\"column-1\">25.4. Siirretty<br \/>\n10.10<br \/>\n<\/td><td class=\"column-2\">41. L\u00e4nsiv\u00e4yl\u00e4juoksu<\/td><td class=\"column-3\"><\/td><td class=\"column-4\"><\/td>\n<\/tr>\n<tr class=\"row-9\">\n\t<td class=\"column-1\">9.5.<\/td><td class=\"column-2\">SM-maastot joensuu<\/td><td class=\"column-3\"><a href=\"http:\/\/resultservice.fi\/tulos\/sivusto\/2021\/sm_maasto\/\" rel=\"noopener noreferrer\" target=\"_blank\">Tulokset<\/a><\/td><td class=\"column-4\"><a href=\"https:\/\/katajayu.fi\/sm-maastot\/\" rel=\"noopener\" target=\"_blank\">Kotisivu<\/a><\/td>\n<\/tr>\n<tr class=\"row-10\">\n\t<td class=\"column-1\">22.5. Siirretty<br \/>\n25.9<br \/>\n<\/td><td class=\"column-2\">33. Terwamaraton<\/td><td class=\"column-3\"><\/td><td class=\"column-4\"><a href=\"http:\/\/www.terwamaraton.fi\/\" rel=\"noopener noreferrer\" target=\"_blank\">Kotisivu<\/a><\/td>\n<\/tr>\n<tr class=\"row-11\">\n\t<td class=\"column-1\">3.7.<\/td><td class=\"column-2\">Mikkeli Juoksu<\/td><td class=\"column-3\"><a href=\"https:\/\/www.resultservice.fi\/2021\/mikkelijuoksu\/\" rel=\"noopener\" target=\"_blank\">Tulokset<\/a><\/td><td class=\"column-4\"><a href=\"https:\/\/www.mikkelinklassikot.fi\/mikkeli-juoksu\/\" rel=\"noopener noreferrer\" target=\"_blank\">Kotisivu<\/a><\/td>\n<\/tr>\n<tr class=\"row-12\">\n\t<td class=\"column-1\">4.7.<\/td><td class=\"column-2\">Pyynikkijuoksu<\/td><td class=\"column-3\"><a href=\"https:\/\/www.resultservice.fi\/2021\/pyynikki\/\" rel=\"noopener\" target=\"_blank\">Tulokset<\/a><\/td><td class=\"column-4\"><a href=\"https:\/\/tu-38.sporttisaitti.com\/pyynikki-juoksu\/\" rel=\"noopener\" target=\"_blank\">Kotisivu<\/a><\/td>\n<\/tr>\n<tr class=\"row-13\">\n\t<td class=\"column-1\">24.7.<\/td><td class=\"column-2\">12. Heinolan kaupunkipuistojuoksu<\/td><td class=\"column-3\"><a href=\"http:\/\/resultservice.fi\/tulos\/sivusto\/2021\/heinola\/\" rel=\"noopener noreferrer\" target=\"_blank\">Tulokset<\/a><\/td><td class=\"column-4\"><a href=\"https:\/\/heinolanisku.sporttisaitti.com\/heinolan-kaupunkipuistojuoksu\/\" rel=\"noopener noreferrer\" target=\"_blank\">Kotisivu<\/a><\/td>\n<\/tr>\n<tr class=\"row-14\">\n\t<td class=\"column-1\">31.7.<\/td><td class=\"column-2\">Loppi Trail<\/td><td class=\"column-3\"><a href=\"https:\/\/resultservice.fi\/tulos\/sivusto\/2021\/loppi\/\" rel=\"noopener\" target=\"_blank\">Tulokset<\/a><\/td><td class=\"column-4\"><a href=\"https:\/\/lopensamoojat.net\/loppi-extreme\/\" rel=\"noopener\" target=\"_blank\">Kotisivu<\/a><\/td>\n<\/tr>\n<tr class=\"row-15\">\n\t<td class=\"column-1\">14.8.<\/td><td class=\"column-2\">10. Luonteri py\u00f6r\u00e4ily<\/td><td class=\"column-3\"><a href=\"http:\/\/resultservice.fi\/tulos\/sivusto\/2021\/luonteri\/\" rel=\"noopener noreferrer\" target=\"_blank\">Tulokset<\/a><\/td><td class=\"column-4\"><a href=\"https:\/\/www.mikkelinklassikot.fi\/luonteri-pyoraily\/\" rel=\"noopener noreferrer\" target=\"_blank\">Kotisivu<\/a><\/td>\n<\/tr>\n<tr class=\"row-16\">\n\t<td class=\"column-1\">21.8<\/td><td class=\"column-2\">Himos Trail<\/td><td class=\"column-3\"><a href=\"https:\/\/online4.tulospalvelu.fi\/tulokset-new\/fi\/2021_himos\/\" rel=\"noopener\" target=\"_blank\">Tulokset<\/a><\/td><td class=\"column-4\"><a href=\"https:\/\/www.himostrail.fi\/\" rel=\"noopener\" target=\"_blank\">Kotisivu<\/a><\/td>\n<\/tr>\n<tr class=\"row-17\">\n\t<td class=\"column-1\">22.8<\/td><td class=\"column-2\">Duathlon ViestiPajulahti<\/td><td class=\"column-3\"><a href=\"https:\/\/online4.tulospalvelu.fi\/tulokset-new\/fi\/2021_VBD_viesti\/\" rel=\"noopener\" target=\"_blank\">Tulokset<\/a><\/td><td class=\"column-4\"><a href=\"https:\/\/www.valtteribottasduathlon.com\/\" rel=\"noopener\" target=\"_blank\">Kotisivu<\/a><\/td>\n<\/tr>\n<tr class=\"row-18\">\n\t<td class=\"column-1\">22.8.<\/td><td class=\"column-2\">Duathlon Pajulahti<\/td><td class=\"column-3\"><a href=\"https:\/\/online4.tulospalvelu.fi\/tulokset-new\/fi\/2021_VBD\/\" rel=\"noopener\" target=\"_blank\">Tulokset<\/a><\/td><td class=\"column-4\"><a href=\"https:\/\/www.valtteribottasduathlon.com\/\" rel=\"noopener noreferrer\" target=\"_blank\">Kotsivu<\/a><\/td>\n<\/tr>\n<tr class=\"row-19\">\n\t<td class=\"column-1\">27.8<\/td><td class=\"column-2\">Ampumajuoksun SM Viesti<\/td><td class=\"column-3\"><a href=\"https:\/\/resultservice.fi\/tulos\/sivusto\/2021\/ajsmviesti\" rel=\"noopener\" target=\"_blank\">Tulokset<\/a><\/td><td class=\"column-4\"><a href=\"https:\/\/www.tvv.fi\/ampumahiihto\/kilpailut\/ampumajuoksun-sm-2021\/\" rel=\"noopener\" target=\"_blank\">Kotisivu<\/a><\/td>\n<\/tr>\n<tr class=\"row-20\">\n\t<td class=\"column-1\">28.8<\/td><td class=\"column-2\">Ampumajuoksun SM Pika<\/td><td class=\"column-3\"><a href=\"https:\/\/resultservice.fi\/tulos\/sivusto\/2021\/ajsmpika\" rel=\"noopener\" target=\"_blank\">Tulokset<\/a><\/td><td class=\"column-4\"><a href=\"https:\/\/www.tvv.fi\/ampumahiihto\/kilpailut\/ampumajuoksun-sm-2021\/\" rel=\"noopener\" target=\"_blank\">Kotisivu<\/a><\/td>\n<\/tr>\n<tr class=\"row-21\">\n\t<td class=\"column-1\">29.8<\/td><td class=\"column-2\">Ampumajuoksun SM Normaali<\/td><td class=\"column-3\"><a href=\"https:\/\/resultservice.fi\/tulos\/sivusto\/2021\/ajsmnormi\" rel=\"noopener\" target=\"_blank\">Tulokset<\/a><\/td><td class=\"column-4\"><a href=\"https:\/\/www.tvv.fi\/ampumahiihto\/kilpailut\/ampumajuoksun-sm-2021\/\" rel=\"noopener\" target=\"_blank\">Kotisivu<\/a><\/td>\n<\/tr>\n<tr class=\"row-22\">\n\t<td class=\"column-1\">11.9<\/td><td class=\"column-2\">Talkoostartti, Hyvink\u00e4\u00e4<\/td><td class=\"column-3\"><a href=\"http:\/\/resultservice.fi\/2021\/talkoot\/\" rel=\"noopener noreferrer\" target=\"_blank\">Tulokset<\/a><\/td><td class=\"column-4\"><a href=\"https:\/\/www.voimatahtosydan.fi\/talkoostartti\/\" rel=\"noopener\" target=\"_blank\">Kotisivu<\/a><\/td>\n<\/tr>\n<tr class=\"row-23\">\n\t<td class=\"column-1\">12.9.<\/td><td class=\"column-2\">Lassen H\u00f6lkk\u00e4<\/td><td class=\"column-3\"><a href=\"http:\/\/resultservice.fi\/2021\/lassen\/\" rel=\"noopener noreferrer\" target=\"_blank\">Tulokset<\/a><\/td><td class=\"column-4\"><a href=\"http:\/\/www.myrskylanmyrsky.fi\/uncategorized\/lassen-holkka-2020\/\" rel=\"noopener noreferrer\" target=\"_blank\">Kotisivu<\/a><\/td>\n<\/tr>\n<tr class=\"row-24\">\n\t<td class=\"column-1\">25.9.<\/td><td class=\"column-2\">33. Terwamaraton<\/td><td class=\"column-3\"><a href=\"http:\/\/www.resultservice.fi\/2021\/oulu\/\" rel=\"noopener noreferrer\" target=\"_blank\">Tulokset<\/a><\/td><td class=\"column-4\"><a href=\"http:\/\/www.terwamaraton.fi\/\" rel=\"noopener noreferrer\" target=\"_blank\">Kotisivu<\/a><\/td>\n<\/tr>\n<tr class=\"row-25\">\n\t<td class=\"column-1\"><\/td><td class=\"column-2\"><\/td><td class=\"column-3\"><\/td><td class=\"column-4\"><\/td>\n<\/tr>\n<tr class=\"row-26\">\n\t<td class=\"column-1\">2.10.<br \/>\nSiirretty 1.10.2022<\/td><td class=\"column-2\">It\u00e4meri maraton, Hanko<\/td><td class=\"column-3\"><\/td><td class=\"column-4\"><a href=\"http:\/\/itamerimaraton.com\/fi\/etusivu\" rel=\"noopener noreferrer\" target=\"_blank\">Kotisivu<\/a><\/td>\n<\/tr>\n<tr class=\"row-27\">\n\t<td class=\"column-1\">9.10.<\/td><td class=\"column-2\">Vantaan maraton<\/td><td class=\"column-3\"><a href=\"http:\/\/resultservice.fi\/2021\/vantaa\/\" rel=\"noopener noreferrer\" target=\"_blank\">Tulokset<\/a><\/td><td class=\"column-4\"><a href=\"http:\/\/www.vantaanmaraton.fi\/\" rel=\"noopener noreferrer\" target=\"_blank\">Kotisivu<\/a><\/td>\n<\/tr>\n<tr class=\"row-28\">\n\t<td class=\"column-1\">10.10 Siirretty huhtikuu 2022<\/td><td class=\"column-2\">L\u00e4nsiv\u00e4yl\u00e4juoksu<\/td><td class=\"column-3\"><\/td><td class=\"column-4\"><a href=\"https:\/\/www.lansivaylajuoksu.fi\/\" rel=\"noopener noreferrer\" target=\"_blank\">Kotisivu<\/a><\/td>\n<\/tr>\n<tr class=\"row-29\">\n\t<td class=\"column-1\">24.10<\/td><td class=\"column-2\">Helsinki Spring Marathon<\/td><td class=\"column-3\"><a href=\"http:\/\/resultservice.fi\/2021\/spring\/\" rel=\"noopener noreferrer\" target=\"_blank\">Tulokset<\/a><\/td><td class=\"column-4\"><a href=\"https:\/\/www.helsinkispringmarathon.net\/etusivu\" rel=\"noopener\" target=\"_blank\">Kotisivu<\/a><\/td>\n<\/tr>\n<tr class=\"row-30\">\n\t<td class=\"column-1\"><\/td><td class=\"column-2\"><\/td><td class=\"column-3\"><\/td><td class=\"column-4\"><\/td>\n<\/tr>\n<tr class=\"row-31\">\n\t<td class=\"column-1\"><\/td><td class=\"column-2\"><\/td><td class=\"column-3\"><\/td><td class=\"column-4\"><\/td>\n<\/tr>\n<tr class=\"row-32\">\n\t<td class=\"column-1\"><\/td><td class=\"column-2\"><\/td><td class=\"column-3\"><\/td><td class=\"column-4\"><\/td>\n<\/tr>\n<\/tbody>\n<\/table>\n\n","protected":false},"author":1,"featured_media":0,"parent":0,"menu_order":0,"comment_status":"closed","ping_status":"closed","template":"","meta":{"_et_pb_use_builder":"on","_et_pb_old_content":"<!-- wp:paragraph -->\n<p>[table id=6 \/]<\/p>\n<!-- \/wp:paragraph -->","_et_gb_content_width":"","footnotes":""},"class_list":["post-291","page","type-page","status-publish","hentry"],"_links":{"self":[{"href":"https:\/\/resultservice.fi\/index.php\/wp-json\/wp\/v2\/pages\/291","targetHints":{"allow":["GET"]}}],"collection":[{"href":"https:\/\/resultservice.fi\/index.php\/wp-json\/wp\/v2\/pages"}],"about":[{"href":"https:\/\/resultservice.fi\/index.php\/wp-json\/wp\/v2\/types\/page"}],"author":[{"embeddable":true,"href":"https:\/\/resultservice.fi\/index.php\/wp-json\/wp\/v2\/users\/1"}],"replies":[{"embeddable":true,"href":"https:\/\/resultservice.fi\/index.php\/wp-json\/wp\/v2\/comments?post=291"}],"version-history":[{"count":9,"href":"https:\/\/resultservice.fi\/index.php\/wp-json\/wp\/v2\/pages\/291\/revisions"}],"predecessor-version":[{"id":453,"href":"https:\/\/resultservice.fi\/index.php\/wp-json\/wp\/v2\/pages\/291\/revisions\/453"}],"wp:attachment":[{"href":"https:\/\/resultservice.fi\/index.php\/wp-json\/wp\/v2\/media?parent=291"}],"curies":[{"name":"wp","href":"https:\/\/api.w.org\/{rel}","templated":true}]}}