{"id":2633,"date":"2022-10-25T15:59:30","date_gmt":"2022-10-25T15:59:30","guid":{"rendered":"https:\/\/resultservice.fi\/?page_id=2633"},"modified":"2022-10-25T16:08:35","modified_gmt":"2022-10-25T16:08:35","slug":"2023-2","status":"publish","type":"page","link":"https:\/\/resultservice.fi\/index.php\/2023-2\/","title":{"rendered":"2023"},"content":{"rendered":"<p>[et_pb_section fb_built=&#8221;1&#8243; theme_builder_area=&#8221;post_content&#8221; _builder_version=&#8221;4.18.0&#8243; _module_preset=&#8221;default&#8221;][et_pb_row _builder_version=&#8221;4.18.0&#8243; _module_preset=&#8221;default&#8221; theme_builder_area=&#8221;post_content&#8221;][et_pb_column _builder_version=&#8221;4.18.0&#8243; _module_preset=&#8221;default&#8221; type=&#8221;4_4&#8243; theme_builder_area=&#8221;post_content&#8221;][et_pb_text _builder_version=&#8221;4.18.0&#8243; _module_preset=&#8221;default&#8221; theme_builder_area=&#8221;post_content&#8221; hover_enabled=&#8221;0&#8243; sticky_enabled=&#8221;0&#8243;]<\/p>\n\n<table id=\"tablepress-8\" class=\"tablepress tablepress-id-8\">\n<thead>\n<tr class=\"row-1\">\n\t<th class=\"column-1\">Aika<\/th><th class=\"column-2\">Tapahtuma<\/th><th class=\"column-3\">Tulokset<\/th><th class=\"column-4\">Kotisivu<\/th>\n<\/tr>\n<\/thead>\n<tbody class=\"row-striping row-hover\">\n<tr class=\"row-2\">\n\t<td class=\"column-1\">23-27.1<\/td><td class=\"column-2\">Kierroslaskentaa Kouvola<\/td><td class=\"column-3\"><\/td><td class=\"column-4\"><\/td>\n<\/tr>\n<tr class=\"row-3\">\n\t<td class=\"column-1\">11.2.<\/td><td class=\"column-2\">Savonia hiihto<\/td><td class=\"column-3\"><a href=\"http:\/\/resultservice.fi\/tulos\/sivusto\/2023\/savonia\" rel=\"noopener\" target=\"_blank\">Tulokset<\/a><\/td><td class=\"column-4\"><a href=\"https:\/\/www.mikkelinklassikot.fi\/savonia-hiihto\/\" rel=\"noopener\" target=\"_blank\">Kotisivu<\/a><\/td>\n<\/tr>\n<tr class=\"row-4\">\n\t<td class=\"column-1\">25.2.<\/td><td class=\"column-2\">Finlandia-Hiihto classic<\/td><td class=\"column-3\"><a href=\"https:\/\/resultservice.fi\/tulos\/sivusto\/2023\/finlandia_classic\/\" rel=\"noopener\" target=\"_blank\">Tulokset<\/a><\/td><td class=\"column-4\"><a href=\"https:\/\/www.finlandiahiihto.fi\/\" rel=\"noopener\" target=\"_blank\">Kotisivu<\/a><\/td>\n<\/tr>\n<tr class=\"row-5\">\n\t<td class=\"column-1\">26.2.<\/td><td class=\"column-2\">Finlandia-Hiihto Skating<\/td><td class=\"column-3\"><a href=\"https:\/\/resultservice.fi\/tulos\/sivusto\/2023\/finlandia_freestyle\/\" rel=\"noopener\" target=\"_blank\">Tulokset<\/a><\/td><td class=\"column-4\"><a href=\"https:\/\/www.finlandiahiihto.fi\/\" rel=\"noopener\" target=\"_blank\">Kotisivu<\/a><\/td>\n<\/tr>\n<tr class=\"row-6\">\n\t<td class=\"column-1\">2.3<\/td><td class=\"column-2\">Porvoo hiihdot<\/td><td class=\"column-3\"><a href=\"https:\/\/resultservice.fi\/2023\/porvoo\/tulokset.html\" rel=\"noopener\" target=\"_blank\">Tulokset<\/a><\/td><td class=\"column-4\"><a href=\"https:\/\/resultservice.fi\/2023\/porvoo\/lahto.html\" rel=\"noopener\" target=\"_blank\">L\u00e4ht\u00f6luettelo<\/a><\/td>\n<\/tr>\n<tr class=\"row-7\">\n\t<td class=\"column-1\">5.3.<\/td><td class=\"column-2\">66. Pirkan Hiihto<\/td><td class=\"column-3\"><\/td><td class=\"column-4\"><a href=\"https:\/\/www.pirkankierros.fi\/pirkan-hiihto\/\" rel=\"noopener\" target=\"_blank\">Kotisivu<\/a><\/td>\n<\/tr>\n<tr class=\"row-8\">\n\t<td class=\"column-1\">12.3.<\/td><td class=\"column-2\">Kotkan hiihdot<\/td><td class=\"column-3\"><a href=\"https:\/\/resultservice.fi\/2023\/kotkan\/tulokset.html\" rel=\"noopener\" target=\"_blank\">Tulokset<\/a><\/td><td class=\"column-4\"><a href=\"https:\/\/resultservice.fi\/2023\/kotkan\/lahto.html\" rel=\"noopener\" target=\"_blank\">L\u00e4ht\u00f6luettelo<\/a><\/td>\n<\/tr>\n<tr class=\"row-9\">\n\t<td class=\"column-1\">17-18.3<\/td><td class=\"column-2\">Anjala 24h hiihto<\/td><td class=\"column-3\"><a href=\"https:\/\/resultservice.fi\/tulos\/sivusto\/2023\/24h_anjala\/\" rel=\"noopener\" target=\"_blank\">Tulokset<\/a><\/td><td class=\"column-4\"><a href=\"http:\/\/www.anjalanliitto.fi\/\" rel=\"noopener\" target=\"_blank\">Kotisivu<\/a><\/td>\n<\/tr>\n<tr class=\"row-10\">\n\t<td class=\"column-1\">11.4-14.4.<\/td><td class=\"column-2\">Lapponia-hiihto (Hetta-Pallas-Olos)<\/td><td class=\"column-3\"><a href=\"https:\/\/online4.tulospalvelu.fi\/tulokset-new\/fi\/2023_lapponia\/\" rel=\"noopener\" target=\"_blank\">Tulokset<\/a><\/td><td class=\"column-4\"><a href=\"https:\/\/www.lapponiahiihto.fi\/\" rel=\"noopener\" target=\"_blank\">Kotisivu<\/a><\/td>\n<\/tr>\n<tr class=\"row-11\">\n\t<td class=\"column-1\">22.4<\/td><td class=\"column-2\">SM k\u00e4vely Lapppeenranta<\/td><td class=\"column-3\"><a href=\"https:\/\/online4.tulospalvelu.fi\/tulokset-new\/fi\/2023_sm_kavely\/\" rel=\"noopener\" target=\"_blank\">Tulokset<\/a><\/td><td class=\"column-4\"><a href=\"https:\/\/www.lum.fi\/sm-maantiekavelyt-2023\/\" rel=\"noopener\" target=\"_blank\">Kotisivu<\/a><\/td>\n<\/tr>\n<tr class=\"row-12\">\n\t<td class=\"column-1\">23.4. <\/td><td class=\"column-2\">L\u00e4nsiv\u00e4yl\u00e4juoksu<br \/>\n<\/td><td class=\"column-3\">(T:mi Kokkens hoitaa)<\/td><td class=\"column-4\"><a href=\"https:\/\/www.lansivaylajuoksu.fi\/\" rel=\"noopener\" target=\"_blank\">Kotisivu<\/a><\/td>\n<\/tr>\n<tr class=\"row-13\">\n\t<td class=\"column-1\">6.5<\/td><td class=\"column-2\">Junnumaastot ja Aikuisurheiluliiton (SAUL) SM-maastot Palohein\u00e4<\/td><td class=\"column-3\"><a href=\"https:\/\/resultservice.fi\/tulos\/sivusto\/2023\/sm_maasto_la\/\" rel=\"noopener\" target=\"_blank\">Tulokset<\/a><\/td><td class=\"column-4\"><a href=\"https:\/\/www.hkv.fi\/sm-maastot2023\" rel=\"noopener\" target=\"_blank\">Kotisivu<\/a><\/td>\n<\/tr>\n<tr class=\"row-14\">\n\t<td class=\"column-1\">7.5<\/td><td class=\"column-2\">SM-maastot Palohein\u00e4<\/td><td class=\"column-3\"><a href=\"https:\/\/resultservice.fi\/tulos\/sivusto\/2023\/sm_maasto_su\/\" rel=\"noopener\" target=\"_blank\">Tulokset<\/a><\/td><td class=\"column-4\"><a href=\"https:\/\/www.hkv.fi\/sm-maastot2023\" rel=\"noopener\" target=\"_blank\">Kotisivu<\/a><\/td>\n<\/tr>\n<tr class=\"row-15\">\n\t<td class=\"column-1\">20.5.<\/td><td class=\"column-2\">34. Terwamaraton<\/td><td class=\"column-3\"><a href=\"http:\/\/www.resultservice.fi\/2023\/terwa\/\" rel=\"noopener noreferrer\" target=\"_blank\">Tulokset<\/a><\/td><td class=\"column-4\"><a href=\"http:\/\/www.terwamaraton.fi\/\" rel=\"noopener noreferrer\" target=\"_blank\">Kotisivu<\/a><\/td>\n<\/tr>\n<tr class=\"row-16\">\n\t<td class=\"column-1\">27.5<\/td><td class=\"column-2\">Helsinki Spring maraton + SAUL puolikas<\/td><td class=\"column-3\"><a href=\"https:\/\/resultservice.fi\/2023\/hsm\/\" rel=\"noopener\" target=\"_blank\">Tulokset<\/a><\/td><td class=\"column-4\"><a href=\"https:\/\/www.helsinkispringmarathon.net\/etusivu\" rel=\"noopener\" target=\"_blank\">Kotisivu<\/a><\/td>\n<\/tr>\n<tr class=\"row-17\">\n\t<td class=\"column-1\">28.5.<\/td><td class=\"column-2\">Lahti-juoksu<\/td><td class=\"column-3\"><a href=\"https:\/\/online4.tulospalvelu.fi\/tulokset-new\/fi\/2023_lahtij\/\" rel=\"noopener\" target=\"_blank\">Tulokset<\/a><\/td><td class=\"column-4\"><a href=\"https:\/\/www.lahtijuoksu.fi\/\" rel=\"noopener\" target=\"_blank\">Kotisivu<\/a><\/td>\n<\/tr>\n<tr class=\"row-18\">\n\t<td class=\"column-1\">10.6.<\/td><td class=\"column-2\">Savonlinna City Run<\/td><td class=\"column-3\"><a href=\"http:\/\/www.resultservice.fi\/2023\/cityrun\/index.php\" rel=\"noopener\" target=\"_blank\">Tulokset<\/a><\/td><td class=\"column-4\"><a href=\"https:\/\/savonlinnacityrun.fi\/\" rel=\"noopener\" target=\"_blank\">Kotisivu<\/a><\/td>\n<\/tr>\n<tr class=\"row-19\">\n\t<td class=\"column-1\">5.7<\/td><td class=\"column-2\">EMG 10 km Road Race Walk<\/td><td class=\"column-3\"><a href=\"https:\/\/resultservice.fi\/tulos\/sivusto\/2023\/emgroadracewalk\/\" rel=\"noopener\" target=\"_blank\">Tulokset<\/a><\/td><td class=\"column-4\"><a href=\"https:\/\/www.emg2023.fi\/fi\/urheilu\/lajit\/yleisurheilu\/\" rel=\"noopener\" target=\"_blank\">Kotisivu<\/a><\/td>\n<\/tr>\n<tr class=\"row-20\">\n\t<td class=\"column-1\">8.7<\/td><td class=\"column-2\">EMG Half Marathon<br \/>\n<\/td><td class=\"column-3\"><a href=\"https:\/\/resultservice.fi\/tulos\/sivusto\/2023\/emghalfmarathon\/\" rel=\"noopener\" target=\"_blank\">Tulokset<\/a><\/td><td class=\"column-4\"><a href=\"https:\/\/www.emg2023.fi\/fi\/urheilu\/lajit\/yleisurheilu\/\" rel=\"noopener\" target=\"_blank\">Kotisivu<\/a><\/td>\n<\/tr>\n<tr class=\"row-21\">\n\t<td class=\"column-1\">8.7. <\/td><td class=\"column-2\">Mikkeli Juoksu<\/td><td class=\"column-3\"><a href=\"https:\/\/www.resultservice.fi\/2023\/mikkelijuoksu\/\" rel=\"noopener\" target=\"_blank\">Tulokset<\/a><\/td><td class=\"column-4\"><a href=\"https:\/\/www.mikkelinklassikot.fi\/mikkelijuoksu\/\" rel=\"noopener\" target=\"_blank\">Kotisivu<\/a><\/td>\n<\/tr>\n<tr class=\"row-22\">\n\t<td class=\"column-1\">27.7.<\/td><td class=\"column-2\">Merip\u00e4iv\u00e4juoksu<\/td><td class=\"column-3\"><a href=\"http:\/\/resultservice.fi\/2023\/kotkameri\/\" rel=\"noopener\" target=\"_blank\">Tulokset<\/a><\/td><td class=\"column-4\"><a href=\"http:\/\/www.meripaivajuoksu.fi\/\" rel=\"noopener\" target=\"_blank\">Kotisivu<\/a><\/td>\n<\/tr>\n<tr class=\"row-23\">\n\t<td class=\"column-1\">29.7<\/td><td class=\"column-2\">14. Heinolan kaupunkipuistojuoksu<\/td><td class=\"column-3\">Peruttu<\/td><td class=\"column-4\"><a href=\"https:\/\/heinolanisku.sporttisaitti.com\/heinolan-kaupunkipuistojuoksu\/\" rel=\"noopener noreferrer\" target=\"_blank\">Kotisivu<\/a><\/td>\n<\/tr>\n<tr class=\"row-24\">\n\t<td class=\"column-1\">6.8.<\/td><td class=\"column-2\">Duathlon Viesti Pajulahti<\/td><td class=\"column-3\">Tapahtuma <br \/>\nperuttu<\/td><td class=\"column-4\"><a href=\"https:\/\/www.valtteribottasduathlon.com\/\" rel=\"noopener\" target=\"_blank\">Kotisivu<\/a><\/td>\n<\/tr>\n<tr class=\"row-25\">\n\t<td class=\"column-1\">6.8<\/td><td class=\"column-2\">Ampumajuoksu Kotka<\/td><td class=\"column-3\"><a href=\"http:\/\/resultservice.fi\/tulos\/sivusto\/2023\/kykp\/\" rel=\"noopener noreferrer\" target=\"_blank\">Tulokset<\/a><\/td><td class=\"column-4\"><a href=\"https:\/\/www.kyminkoskenpojat.com\/data\/kilpailutoiminta\/kilpailukutsut.php\" rel=\"noopener\" target=\"_blank\">Kotisivu<\/a><\/td>\n<\/tr>\n<tr class=\"row-26\">\n\t<td class=\"column-1\">6.8.<\/td><td class=\"column-2\">Duathlon Pajulahti<\/td><td class=\"column-3\">Tapahtuma <br \/>\nperuttu<\/td><td class=\"column-4\"><a href=\"https:\/\/www.valtteribottasduathlon.com\/\" rel=\"noopener noreferrer\" target=\"_blank\">Kotsivu<\/a><\/td>\n<\/tr>\n<tr class=\"row-27\">\n\t<td class=\"column-1\">12.8.<\/td><td class=\"column-2\">11. Luonteri py\u00f6r\u00e4ily<\/td><td class=\"column-3\"><a href=\"https:\/\/resultservice.fi\/tulos\/sivusto\/2023\/luonteri\/\" rel=\"noopener noreferrer\" target=\"_blank\">Tulokset<\/a><\/td><td class=\"column-4\"><a href=\"https:\/\/www.mikkelinklassikot.fi\/luonteri-pyoraily\/\" rel=\"noopener noreferrer\" target=\"_blank\">Kotisivu<\/a><\/td>\n<\/tr>\n<tr class=\"row-28\">\n\t<td class=\"column-1\">20.8.<\/td><td class=\"column-2\">33. Finlandia-MAPEI MTB<\/td><td class=\"column-3\"><a href=\"https:\/\/resultservice.fi\/tulos\/sivusto\/2023\/finlandia\/\" rel=\"noopener noreferrer\" target=\"_blank\">Tulokset<\/a><\/td><td class=\"column-4\"><a href=\"https:\/\/www.twd.fi\/finlandia-mapei-mtb\/\" rel=\"noopener\" target=\"_blank\">Kotisivu<\/a><\/td>\n<\/tr>\n<tr class=\"row-29\">\n\t<td class=\"column-1\">25-26.8.<\/td><td class=\"column-2\">Himos Trail<\/td><td class=\"column-3\"><\/td><td class=\"column-4\"><a href=\"https:\/\/www.himostrail.fi\/\" rel=\"noopener\" target=\"_blank\">Kotisivu<\/a><\/td>\n<\/tr>\n<tr class=\"row-30\">\n\t<td class=\"column-1\">10.9.<\/td><td class=\"column-2\">Lassen H\u00f6lkk\u00e4<\/td><td class=\"column-3\"><a href=\"https:\/\/resultservice.fi\/2023\/lassen\/\" rel=\"noopener noreferrer\" target=\"_blank\">Tulokset<\/a><\/td><td class=\"column-4\"><a href=\"http:\/\/www.myrskylanmyrsky.fi\/uncategorized\/lassen-holkka-2020\/\" rel=\"noopener noreferrer\" target=\"_blank\">Kotisivu<\/a><\/td>\n<\/tr>\n<tr class=\"row-31\">\n\t<td class=\"column-1\">7.10. <\/td><td class=\"column-2\">It\u00e4meri maraton, Hanko<\/td><td class=\"column-3\"><a href=\"https:\/\/resultservice.fi\/2023\/itameri\/\" rel=\"noopener\" target=\"_blank\">Tulokset<\/a><\/td><td class=\"column-4\"><a href=\"http:\/\/itamerimaraton.com\/fi\/etusivu\" rel=\"noopener noreferrer\" target=\"_blank\">Kotisivu<\/a><\/td>\n<\/tr>\n<tr class=\"row-32\">\n\t<td class=\"column-1\">14.10.<\/td><td class=\"column-2\">Vantaan maraton<\/td><td class=\"column-3\"><a href=\"https:\/\/resultservice.fi\/2023\/vantaa\/\" rel=\"noopener noreferrer\" target=\"_blank\">Tulokset<\/a><\/td><td class=\"column-4\"><a href=\"http:\/\/www.vantaanmaraton.fi\/\" rel=\"noopener noreferrer\" target=\"_blank\">Kotisivu<\/a><\/td>\n<\/tr>\n<tr class=\"row-33\">\n\t<td class=\"column-1\"><\/td><td class=\"column-2\"><\/td><td class=\"column-3\"><\/td><td class=\"column-4\"><\/td>\n<\/tr>\n<tr class=\"row-34\">\n\t<td class=\"column-1\"><\/td><td class=\"column-2\"><\/td><td class=\"column-3\"><\/td><td class=\"column-4\"><\/td>\n<\/tr>\n<\/tbody>\n<\/table>\n<!-- #tablepress-8 from cache -->\n<p>[\/et_pb_text][\/et_pb_column][\/et_pb_row][\/et_pb_section]<\/p>\n","protected":false},"excerpt":{"rendered":"\n<table id=\"tablepress-8-no-2\" class=\"tablepress tablepress-id-8\">\n<thead>\n<tr class=\"row-1\">\n\t<th class=\"column-1\">Aika<\/th><th class=\"column-2\">Tapahtuma<\/th><th class=\"column-3\">Tulokset<\/th><th class=\"column-4\">Kotisivu<\/th>\n<\/tr>\n<\/thead>\n<tbody class=\"row-striping row-hover\">\n<tr class=\"row-2\">\n\t<td class=\"column-1\">23-27.1<\/td><td class=\"column-2\">Kierroslaskentaa Kouvola<\/td><td class=\"column-3\"><\/td><td class=\"column-4\"><\/td>\n<\/tr>\n<tr class=\"row-3\">\n\t<td class=\"column-1\">11.2.<\/td><td class=\"column-2\">Savonia hiihto<\/td><td class=\"column-3\"><a href=\"http:\/\/resultservice.fi\/tulos\/sivusto\/2023\/savonia\" rel=\"noopener\" target=\"_blank\">Tulokset<\/a><\/td><td class=\"column-4\"><a href=\"https:\/\/www.mikkelinklassikot.fi\/savonia-hiihto\/\" rel=\"noopener\" target=\"_blank\">Kotisivu<\/a><\/td>\n<\/tr>\n<tr class=\"row-4\">\n\t<td class=\"column-1\">25.2.<\/td><td class=\"column-2\">Finlandia-Hiihto classic<\/td><td class=\"column-3\"><a href=\"https:\/\/resultservice.fi\/tulos\/sivusto\/2023\/finlandia_classic\/\" rel=\"noopener\" target=\"_blank\">Tulokset<\/a><\/td><td class=\"column-4\"><a href=\"https:\/\/www.finlandiahiihto.fi\/\" rel=\"noopener\" target=\"_blank\">Kotisivu<\/a><\/td>\n<\/tr>\n<tr class=\"row-5\">\n\t<td class=\"column-1\">26.2.<\/td><td class=\"column-2\">Finlandia-Hiihto Skating<\/td><td class=\"column-3\"><a href=\"https:\/\/resultservice.fi\/tulos\/sivusto\/2023\/finlandia_freestyle\/\" rel=\"noopener\" target=\"_blank\">Tulokset<\/a><\/td><td class=\"column-4\"><a href=\"https:\/\/www.finlandiahiihto.fi\/\" rel=\"noopener\" target=\"_blank\">Kotisivu<\/a><\/td>\n<\/tr>\n<tr class=\"row-6\">\n\t<td class=\"column-1\">2.3<\/td><td class=\"column-2\">Porvoo hiihdot<\/td><td class=\"column-3\"><a href=\"https:\/\/resultservice.fi\/2023\/porvoo\/tulokset.html\" rel=\"noopener\" target=\"_blank\">Tulokset<\/a><\/td><td class=\"column-4\"><a href=\"https:\/\/resultservice.fi\/2023\/porvoo\/lahto.html\" rel=\"noopener\" target=\"_blank\">L\u00e4ht\u00f6luettelo<\/a><\/td>\n<\/tr>\n<tr class=\"row-7\">\n\t<td class=\"column-1\">5.3.<\/td><td class=\"column-2\">66. Pirkan Hiihto<\/td><td class=\"column-3\"><\/td><td class=\"column-4\"><a href=\"https:\/\/www.pirkankierros.fi\/pirkan-hiihto\/\" rel=\"noopener\" target=\"_blank\">Kotisivu<\/a><\/td>\n<\/tr>\n<tr class=\"row-8\">\n\t<td class=\"column-1\">12.3.<\/td><td class=\"column-2\">Kotkan hiihdot<\/td><td class=\"column-3\"><a href=\"https:\/\/resultservice.fi\/2023\/kotkan\/tulokset.html\" rel=\"noopener\" target=\"_blank\">Tulokset<\/a><\/td><td class=\"column-4\"><a href=\"https:\/\/resultservice.fi\/2023\/kotkan\/lahto.html\" rel=\"noopener\" target=\"_blank\">L\u00e4ht\u00f6luettelo<\/a><\/td>\n<\/tr>\n<tr class=\"row-9\">\n\t<td class=\"column-1\">17-18.3<\/td><td class=\"column-2\">Anjala 24h hiihto<\/td><td class=\"column-3\"><a href=\"https:\/\/resultservice.fi\/tulos\/sivusto\/2023\/24h_anjala\/\" rel=\"noopener\" target=\"_blank\">Tulokset<\/a><\/td><td class=\"column-4\"><a href=\"http:\/\/www.anjalanliitto.fi\/\" rel=\"noopener\" target=\"_blank\">Kotisivu<\/a><\/td>\n<\/tr>\n<tr class=\"row-10\">\n\t<td class=\"column-1\">11.4-14.4.<\/td><td class=\"column-2\">Lapponia-hiihto (Hetta-Pallas-Olos)<\/td><td class=\"column-3\"><a href=\"https:\/\/online4.tulospalvelu.fi\/tulokset-new\/fi\/2023_lapponia\/\" rel=\"noopener\" target=\"_blank\">Tulokset<\/a><\/td><td class=\"column-4\"><a href=\"https:\/\/www.lapponiahiihto.fi\/\" rel=\"noopener\" target=\"_blank\">Kotisivu<\/a><\/td>\n<\/tr>\n<tr class=\"row-11\">\n\t<td class=\"column-1\">22.4<\/td><td class=\"column-2\">SM k\u00e4vely Lapppeenranta<\/td><td class=\"column-3\"><a href=\"https:\/\/online4.tulospalvelu.fi\/tulokset-new\/fi\/2023_sm_kavely\/\" rel=\"noopener\" target=\"_blank\">Tulokset<\/a><\/td><td class=\"column-4\"><a href=\"https:\/\/www.lum.fi\/sm-maantiekavelyt-2023\/\" rel=\"noopener\" target=\"_blank\">Kotisivu<\/a><\/td>\n<\/tr>\n<tr class=\"row-12\">\n\t<td class=\"column-1\">23.4. <\/td><td class=\"column-2\">L\u00e4nsiv\u00e4yl\u00e4juoksu<br \/>\n<\/td><td class=\"column-3\">(T:mi Kokkens hoitaa)<\/td><td class=\"column-4\"><a href=\"https:\/\/www.lansivaylajuoksu.fi\/\" rel=\"noopener\" target=\"_blank\">Kotisivu<\/a><\/td>\n<\/tr>\n<tr class=\"row-13\">\n\t<td class=\"column-1\">6.5<\/td><td class=\"column-2\">Junnumaastot ja Aikuisurheiluliiton (SAUL) SM-maastot Palohein\u00e4<\/td><td class=\"column-3\"><a href=\"https:\/\/resultservice.fi\/tulos\/sivusto\/2023\/sm_maasto_la\/\" rel=\"noopener\" target=\"_blank\">Tulokset<\/a><\/td><td class=\"column-4\"><a href=\"https:\/\/www.hkv.fi\/sm-maastot2023\" rel=\"noopener\" target=\"_blank\">Kotisivu<\/a><\/td>\n<\/tr>\n<tr class=\"row-14\">\n\t<td class=\"column-1\">7.5<\/td><td class=\"column-2\">SM-maastot Palohein\u00e4<\/td><td class=\"column-3\"><a href=\"https:\/\/resultservice.fi\/tulos\/sivusto\/2023\/sm_maasto_su\/\" rel=\"noopener\" target=\"_blank\">Tulokset<\/a><\/td><td class=\"column-4\"><a href=\"https:\/\/www.hkv.fi\/sm-maastot2023\" rel=\"noopener\" target=\"_blank\">Kotisivu<\/a><\/td>\n<\/tr>\n<tr class=\"row-15\">\n\t<td class=\"column-1\">20.5.<\/td><td class=\"column-2\">34. Terwamaraton<\/td><td class=\"column-3\"><a href=\"http:\/\/www.resultservice.fi\/2023\/terwa\/\" rel=\"noopener noreferrer\" target=\"_blank\">Tulokset<\/a><\/td><td class=\"column-4\"><a href=\"http:\/\/www.terwamaraton.fi\/\" rel=\"noopener noreferrer\" target=\"_blank\">Kotisivu<\/a><\/td>\n<\/tr>\n<tr class=\"row-16\">\n\t<td class=\"column-1\">27.5<\/td><td class=\"column-2\">Helsinki Spring maraton + SAUL puolikas<\/td><td class=\"column-3\"><a href=\"https:\/\/resultservice.fi\/2023\/hsm\/\" rel=\"noopener\" target=\"_blank\">Tulokset<\/a><\/td><td class=\"column-4\"><a href=\"https:\/\/www.helsinkispringmarathon.net\/etusivu\" rel=\"noopener\" target=\"_blank\">Kotisivu<\/a><\/td>\n<\/tr>\n<tr class=\"row-17\">\n\t<td class=\"column-1\">28.5.<\/td><td class=\"column-2\">Lahti-juoksu<\/td><td class=\"column-3\"><a href=\"https:\/\/online4.tulospalvelu.fi\/tulokset-new\/fi\/2023_lahtij\/\" rel=\"noopener\" target=\"_blank\">Tulokset<\/a><\/td><td class=\"column-4\"><a href=\"https:\/\/www.lahtijuoksu.fi\/\" rel=\"noopener\" target=\"_blank\">Kotisivu<\/a><\/td>\n<\/tr>\n<tr class=\"row-18\">\n\t<td class=\"column-1\">10.6.<\/td><td class=\"column-2\">Savonlinna City Run<\/td><td class=\"column-3\"><a href=\"http:\/\/www.resultservice.fi\/2023\/cityrun\/index.php\" rel=\"noopener\" target=\"_blank\">Tulokset<\/a><\/td><td class=\"column-4\"><a href=\"https:\/\/savonlinnacityrun.fi\/\" rel=\"noopener\" target=\"_blank\">Kotisivu<\/a><\/td>\n<\/tr>\n<tr class=\"row-19\">\n\t<td class=\"column-1\">5.7<\/td><td class=\"column-2\">EMG 10 km Road Race Walk<\/td><td class=\"column-3\"><a href=\"https:\/\/resultservice.fi\/tulos\/sivusto\/2023\/emgroadracewalk\/\" rel=\"noopener\" target=\"_blank\">Tulokset<\/a><\/td><td class=\"column-4\"><a href=\"https:\/\/www.emg2023.fi\/fi\/urheilu\/lajit\/yleisurheilu\/\" rel=\"noopener\" target=\"_blank\">Kotisivu<\/a><\/td>\n<\/tr>\n<tr class=\"row-20\">\n\t<td class=\"column-1\">8.7<\/td><td class=\"column-2\">EMG Half Marathon<br \/>\n<\/td><td class=\"column-3\"><a href=\"https:\/\/resultservice.fi\/tulos\/sivusto\/2023\/emghalfmarathon\/\" rel=\"noopener\" target=\"_blank\">Tulokset<\/a><\/td><td class=\"column-4\"><a href=\"https:\/\/www.emg2023.fi\/fi\/urheilu\/lajit\/yleisurheilu\/\" rel=\"noopener\" target=\"_blank\">Kotisivu<\/a><\/td>\n<\/tr>\n<tr class=\"row-21\">\n\t<td class=\"column-1\">8.7. <\/td><td class=\"column-2\">Mikkeli Juoksu<\/td><td class=\"column-3\"><a href=\"https:\/\/www.resultservice.fi\/2023\/mikkelijuoksu\/\" rel=\"noopener\" target=\"_blank\">Tulokset<\/a><\/td><td class=\"column-4\"><a href=\"https:\/\/www.mikkelinklassikot.fi\/mikkelijuoksu\/\" rel=\"noopener\" target=\"_blank\">Kotisivu<\/a><\/td>\n<\/tr>\n<tr class=\"row-22\">\n\t<td class=\"column-1\">27.7.<\/td><td class=\"column-2\">Merip\u00e4iv\u00e4juoksu<\/td><td class=\"column-3\"><a href=\"http:\/\/resultservice.fi\/2023\/kotkameri\/\" rel=\"noopener\" target=\"_blank\">Tulokset<\/a><\/td><td class=\"column-4\"><a href=\"http:\/\/www.meripaivajuoksu.fi\/\" rel=\"noopener\" target=\"_blank\">Kotisivu<\/a><\/td>\n<\/tr>\n<tr class=\"row-23\">\n\t<td class=\"column-1\">29.7<\/td><td class=\"column-2\">14. Heinolan kaupunkipuistojuoksu<\/td><td class=\"column-3\">Peruttu<\/td><td class=\"column-4\"><a href=\"https:\/\/heinolanisku.sporttisaitti.com\/heinolan-kaupunkipuistojuoksu\/\" rel=\"noopener noreferrer\" target=\"_blank\">Kotisivu<\/a><\/td>\n<\/tr>\n<tr class=\"row-24\">\n\t<td class=\"column-1\">6.8.<\/td><td class=\"column-2\">Duathlon Viesti Pajulahti<\/td><td class=\"column-3\">Tapahtuma <br \/>\nperuttu<\/td><td class=\"column-4\"><a href=\"https:\/\/www.valtteribottasduathlon.com\/\" rel=\"noopener\" target=\"_blank\">Kotisivu<\/a><\/td>\n<\/tr>\n<tr class=\"row-25\">\n\t<td class=\"column-1\">6.8<\/td><td class=\"column-2\">Ampumajuoksu Kotka<\/td><td class=\"column-3\"><a href=\"http:\/\/resultservice.fi\/tulos\/sivusto\/2023\/kykp\/\" rel=\"noopener noreferrer\" target=\"_blank\">Tulokset<\/a><\/td><td class=\"column-4\"><a href=\"https:\/\/www.kyminkoskenpojat.com\/data\/kilpailutoiminta\/kilpailukutsut.php\" rel=\"noopener\" target=\"_blank\">Kotisivu<\/a><\/td>\n<\/tr>\n<tr class=\"row-26\">\n\t<td class=\"column-1\">6.8.<\/td><td class=\"column-2\">Duathlon Pajulahti<\/td><td class=\"column-3\">Tapahtuma <br \/>\nperuttu<\/td><td class=\"column-4\"><a href=\"https:\/\/www.valtteribottasduathlon.com\/\" rel=\"noopener noreferrer\" target=\"_blank\">Kotsivu<\/a><\/td>\n<\/tr>\n<tr class=\"row-27\">\n\t<td class=\"column-1\">12.8.<\/td><td class=\"column-2\">11. Luonteri py\u00f6r\u00e4ily<\/td><td class=\"column-3\"><a href=\"https:\/\/resultservice.fi\/tulos\/sivusto\/2023\/luonteri\/\" rel=\"noopener noreferrer\" target=\"_blank\">Tulokset<\/a><\/td><td class=\"column-4\"><a href=\"https:\/\/www.mikkelinklassikot.fi\/luonteri-pyoraily\/\" rel=\"noopener noreferrer\" target=\"_blank\">Kotisivu<\/a><\/td>\n<\/tr>\n<tr class=\"row-28\">\n\t<td class=\"column-1\">20.8.<\/td><td class=\"column-2\">33. Finlandia-MAPEI MTB<\/td><td class=\"column-3\"><a href=\"https:\/\/resultservice.fi\/tulos\/sivusto\/2023\/finlandia\/\" rel=\"noopener noreferrer\" target=\"_blank\">Tulokset<\/a><\/td><td class=\"column-4\"><a href=\"https:\/\/www.twd.fi\/finlandia-mapei-mtb\/\" rel=\"noopener\" target=\"_blank\">Kotisivu<\/a><\/td>\n<\/tr>\n<tr class=\"row-29\">\n\t<td class=\"column-1\">25-26.8.<\/td><td class=\"column-2\">Himos Trail<\/td><td class=\"column-3\"><\/td><td class=\"column-4\"><a href=\"https:\/\/www.himostrail.fi\/\" rel=\"noopener\" target=\"_blank\">Kotisivu<\/a><\/td>\n<\/tr>\n<tr class=\"row-30\">\n\t<td class=\"column-1\">10.9.<\/td><td class=\"column-2\">Lassen H\u00f6lkk\u00e4<\/td><td class=\"column-3\"><a href=\"https:\/\/resultservice.fi\/2023\/lassen\/\" rel=\"noopener noreferrer\" target=\"_blank\">Tulokset<\/a><\/td><td class=\"column-4\"><a href=\"http:\/\/www.myrskylanmyrsky.fi\/uncategorized\/lassen-holkka-2020\/\" rel=\"noopener noreferrer\" target=\"_blank\">Kotisivu<\/a><\/td>\n<\/tr>\n<tr class=\"row-31\">\n\t<td class=\"column-1\">7.10. <\/td><td class=\"column-2\">It\u00e4meri maraton, Hanko<\/td><td class=\"column-3\"><a href=\"https:\/\/resultservice.fi\/2023\/itameri\/\" rel=\"noopener\" target=\"_blank\">Tulokset<\/a><\/td><td class=\"column-4\"><a href=\"http:\/\/itamerimaraton.com\/fi\/etusivu\" rel=\"noopener noreferrer\" target=\"_blank\">Kotisivu<\/a><\/td>\n<\/tr>\n<tr class=\"row-32\">\n\t<td class=\"column-1\">14.10.<\/td><td class=\"column-2\">Vantaan maraton<\/td><td class=\"column-3\"><a href=\"https:\/\/resultservice.fi\/2023\/vantaa\/\" rel=\"noopener noreferrer\" target=\"_blank\">Tulokset<\/a><\/td><td class=\"column-4\"><a href=\"http:\/\/www.vantaanmaraton.fi\/\" rel=\"noopener noreferrer\" target=\"_blank\">Kotisivu<\/a><\/td>\n<\/tr>\n<tr class=\"row-33\">\n\t<td class=\"column-1\"><\/td><td class=\"column-2\"><\/td><td class=\"column-3\"><\/td><td class=\"column-4\"><\/td>\n<\/tr>\n<tr class=\"row-34\">\n\t<td class=\"column-1\"><\/td><td class=\"column-2\"><\/td><td class=\"column-3\"><\/td><td class=\"column-4\"><\/td>\n<\/tr>\n<\/tbody>\n<\/table>\n\n","protected":false},"author":1,"featured_media":0,"parent":0,"menu_order":0,"comment_status":"closed","ping_status":"closed","template":"","meta":{"_et_pb_use_builder":"on","_et_pb_old_content":"","_et_gb_content_width":"","footnotes":""},"class_list":["post-2633","page","type-page","status-publish","hentry"],"_links":{"self":[{"href":"https:\/\/resultservice.fi\/index.php\/wp-json\/wp\/v2\/pages\/2633","targetHints":{"allow":["GET"]}}],"collection":[{"href":"https:\/\/resultservice.fi\/index.php\/wp-json\/wp\/v2\/pages"}],"about":[{"href":"https:\/\/resultservice.fi\/index.php\/wp-json\/wp\/v2\/types\/page"}],"author":[{"embeddable":true,"href":"https:\/\/resultservice.fi\/index.php\/wp-json\/wp\/v2\/users\/1"}],"replies":[{"embeddable":true,"href":"https:\/\/resultservice.fi\/index.php\/wp-json\/wp\/v2\/comments?post=2633"}],"version-history":[{"count":2,"href":"https:\/\/resultservice.fi\/index.php\/wp-json\/wp\/v2\/pages\/2633\/revisions"}],"predecessor-version":[{"id":2635,"href":"https:\/\/resultservice.fi\/index.php\/wp-json\/wp\/v2\/pages\/2633\/revisions\/2635"}],"wp:attachment":[{"href":"https:\/\/resultservice.fi\/index.php\/wp-json\/wp\/v2\/media?parent=2633"}],"curies":[{"name":"wp","href":"https:\/\/api.w.org\/{rel}","templated":true}]}}