{"id":2477,"date":"2022-04-04T13:27:04","date_gmt":"2022-04-04T13:27:04","guid":{"rendered":"https:\/\/resultfellows.com\/?page_id=2477"},"modified":"2022-04-24T12:52:35","modified_gmt":"2022-04-24T12:52:35","slug":"2022_lansi","status":"publish","type":"page","link":"https:\/\/resultservice.fi\/index.php\/2022_lansi\/","title":{"rendered":"L\u00e4nsiv\u00e4yl\u00e4juoksu"},"content":{"rendered":"<p><b>L\u00e4nsiv\u00e4yl\u00e4juoksu 24.04.2022<\/b><\/p>\n<h3 style=\"font-family: Montserrat, sans-serif; font-style: normal; color: #474747;\">Tulossivut<\/h3>\n<h4 style=\"text-align: center;\"><b style=\"font-size: 18px;\">Tervetuloa tulossivuille.\u00a0<\/b><\/h4>\n<p style=\"text-align: left;\"><b style=\"font-size: 18px;\">T\u00e4\u00e4lt\u00e4 l\u00f6ytyv\u00e4t l\u00e4ht\u00f6listat, tulokset sek\u00e4 lis\u00e4palveluihin liittyv\u00e4t asiat ja linkit.<\/b><\/p>\n<h4 style=\"text-align: center;\"><strong>Ajankohtaista:<\/strong><\/h4>\n<h4 style=\"text-align: center;\"><strong>&#8211;\u00a0Tulossivut on avattu. \u00a0<\/strong><br \/><strong>\u00a0 \u00a0 \u00a0-ONLINE linkki perjantaina<\/strong><\/h4>\n<p><b style=\"font-size: 18px;\">Tulokset ja Online-seuranta:\u00a0<\/b><\/p>\n<p><strong><a style=\"font-size: 18px;\" href=\"https:\/\/online4.tulospalvelu.fi\/tulokset-new\/fi\/2022_lansi\/\" target=\"_blank\" rel=\"noopener\">Online-tulokset<\/a><\/strong> (my\u00f6s l\u00e4ht\u00f6luettelot)<\/p>\n<h4><a style=\"color: #0000ff;\" href=\"https:\/\/www.resultservice.fi\/2022\/lansi\/17.html\" target=\"_blank\" rel=\"noopener\">Tulokset, 17,3 km<\/a><\/h4>\n<h4><a style=\"color: #0000ff;\" href=\"https:\/\/www.resultservice.fi\/2022\/lansi\/6.html\" target=\"_blank\" rel=\"noopener\">Tulokset, 6 km<\/a><\/h4>\n<h4><a style=\"font-size: 18px; color: #0000ff;\" href=\"https:\/\/www.resultservice.fi\/2022\/lansi\/JOUKKUE1.html\" target=\"_blank\" rel=\"noopener\">Tulokset, Joukkueet<\/a>\u00a0<\/h4>\n<p>Tuloksia koskevat tiedustelut s\u00e4hk\u00f6postitse\u00a0<a style=\"font-size: 18px;\" href=\"mailto:tulos.palaute@gmail.com\" target=\"_blank\" rel=\"noopener\">tulos.palaute@gmail.com<\/a>.\u00a0Kiireelliset tulosasiat\u00a0GSM +358-400-550801.<\/p>\n<h1>Tulokset tarjoilee &#8211; Results by:<\/h1>\n<h1><em><strong>Result Service Finland Oy<\/strong><\/em><\/h1>\n","protected":false},"excerpt":{"rendered":"<p>L\u00e4nsiv\u00e4yl\u00e4juoksu 24.04.2022TulossivutTervetuloa tulossivuille.\u00a0T\u00e4\u00e4lt\u00e4 l\u00f6ytyv\u00e4t l\u00e4ht\u00f6listat, tulokset sek\u00e4 lis\u00e4palveluihin liittyv\u00e4t asiat ja linkit.Ajankohtaista:-\u00a0Tulossivut on avattu. \u00a0\u00a0 \u00a0 \u00a0-ONLINE linkki perjantainaTulokset ja Online-seuranta:\u00a0Online-tulokset (my\u00f6s l\u00e4ht\u00f6luettelot)Tulokset, 17,3 kmTulokset, 6 kmTulokset, Joukkueet\u00a0Tuloksia koskevat tiedustelut s\u00e4hk\u00f6postitse\u00a0tulos.palaute@gmail.com.\u00a0Kiireelliset tulosasiat\u00a0GSM +358-400-550801.Tulokset tarjoilee &#8211; Results by:Result Service Finland Oy<\/p>\n","protected":false},"author":1,"featured_media":0,"parent":0,"menu_order":0,"comment_status":"closed","ping_status":"closed","template":"","meta":{"_et_pb_use_builder":"on","_et_pb_old_content":"Helsinki Spring Marathon, HSM-2022 10.4.2022\n<h3 style=\"font-family: Montserrat, sans-serif; font-style: normal; color: #474747;\">Tulossivut<\/h3>\n<h3><b style=\"font-size: 18px;\">Tervetuloa tulossivuille. T\u00e4\u00e4lt\u00e4 l\u00f6ytyv\u00e4t l\u00e4ht\u00f6listat, tulokset sek\u00e4 lis\u00e4palveluihin liittyv\u00e4t asiat ja linkit.<\/b><\/h3>\n<b>Ajankohtaista:<\/b>\n<b>&nbsp;<\/b>\n<ul>\n \t<li>Tulokset on julkaistu. Tuloshemmot kiitt\u00e4\u00e4! [Ryde:: su 10.4.2022 - 16.59]<\/li>\n \t<li>Tulossivut on avattu. [Ryde:: ma 4.4.2022 - 16.30]<\/li>\n<\/ul>\n<b>Tulokset ja Online-seuranta:&nbsp;<\/b>\n&nbsp;\n<ul>\n \t<li><a href=\"https:\/\/online4.tulospalvelu.fi\/tulokset-new\/fi\/2022_hsm\/\" target=\"_blank\" rel=\"noopener\">Online-tulokset<\/a>&nbsp;(my\u00f6s l\u00e4ht\u00f6luettelot n\u00e4ht\u00e4viss\u00e4)<\/li>\n \t<li><a href=\"https:\/\/www.resultfellows.com\/2022\/hsm\/maraton.html\" target=\"_blank\" rel=\"noopener\">Tulokset, maraton<\/a><\/li>\n \t<li><a href=\"https:\/\/www.resultfellows.com\/2022\/hsm\/puolikas.html\" target=\"_blank\" rel=\"noopener\">Tulokset, puolimaraton<\/a><\/li>\n \t<li><a href=\"https:\/\/www.resultfellows.com\/2022\/hsm\/kymppi.html\" target=\"_blank\" rel=\"noopener\">Tulokset, kymppi<\/a><\/li>\n \t<li><a href=\"https:\/\/www.resultfellows.com\/2022\/hsm\/juniorit.html\" target=\"_blank\" rel=\"noopener\">Tulokset, Juniorimaraton<\/a><\/li>\n<\/ul>\n<b>Tuloksia koskevat tiedustelut s\u00e4hk\u00f6postitse&nbsp;<\/b><a href=\"mailto:risto.kivinen@resultfellows.com\" target=\"_blank\" rel=\"noopener\"><b>risto.kivinen@resultfellows.com<\/b><\/a><b>.&nbsp;<\/b><b>Kiireelliset tulosasiat&nbsp;<\/b>\n<b>GSM +358-44-0583583.<\/b>\n\nTulokset tarjoilee - Results by:\n\n<img width=\"300\" height=\"169\" src=\"https:\/\/resultfellows.com\/wp-content\/uploads\/2021\/06\/fellowslogo_better-300x169.gif\" alt=\"fellowslogo_better.\" loading=\"lazy\" srcset=\"https:\/\/resultfellows.com\/wp-content\/uploads\/2021\/06\/fellowslogo_better-300x169.gif 300w, https:\/\/resultfellows.com\/wp-content\/uploads\/2021\/06\/fellowslogo_better-768x432.gif 768w\" sizes=\"(max-width: 300px) 100vw, 300px\">","_et_gb_content_width":"1080","footnotes":""},"class_list":["post-2477","page","type-page","status-publish","hentry"],"_links":{"self":[{"href":"https:\/\/resultservice.fi\/index.php\/wp-json\/wp\/v2\/pages\/2477","targetHints":{"allow":["GET"]}}],"collection":[{"href":"https:\/\/resultservice.fi\/index.php\/wp-json\/wp\/v2\/pages"}],"about":[{"href":"https:\/\/resultservice.fi\/index.php\/wp-json\/wp\/v2\/types\/page"}],"author":[{"embeddable":true,"href":"https:\/\/resultservice.fi\/index.php\/wp-json\/wp\/v2\/users\/1"}],"replies":[{"embeddable":true,"href":"https:\/\/resultservice.fi\/index.php\/wp-json\/wp\/v2\/comments?post=2477"}],"version-history":[{"count":60,"href":"https:\/\/resultservice.fi\/index.php\/wp-json\/wp\/v2\/pages\/2477\/revisions"}],"predecessor-version":[{"id":2589,"href":"https:\/\/resultservice.fi\/index.php\/wp-json\/wp\/v2\/pages\/2477\/revisions\/2589"}],"wp:attachment":[{"href":"https:\/\/resultservice.fi\/index.php\/wp-json\/wp\/v2\/media?parent=2477"}],"curies":[{"name":"wp","href":"https:\/\/api.w.org\/{rel}","templated":true}]}}